{"id":3019,"date":"2021-09-01T10:52:52","date_gmt":"2021-09-01T10:52:52","guid":{"rendered":"https:\/\/molmasa.es\/?page_id=3019"},"modified":"2021-09-01T12:55:52","modified_gmt":"2021-09-01T12:55:52","slug":"politica-de-cookies","status":"publish","type":"page","link":"https:\/\/molmasa.es\/?page_id=3019","title":{"rendered":"Pol\u00edtica de Cookies"},"content":{"rendered":"[vc_row full_width=&#8221;stretch_row&#8221; content_placement=&#8221;middle&#8221; parallax=&#8221;content-moving&#8221; parallax_image=&#8221;3136&#8243; css=&#8221;.vc_custom_1630500847870{padding-top: 100px !important;padding-bottom: 100px !important;}&#8221;][vc_column]<h1 class=\"vcex-heading vcex-module wpex-text-2xl wpex-font-normal wpex-m-auto wpex-max-w-100 vcex-heading-plain wpex-block wpex-text-center  wpb_animate_when_almost_visible wpb_fadeIn fadeIn\" style=\"color:#ffffff;font-size:3em;text-transform:uppercase;\"><span class=\"vcex-heading-inner wpex-inline-block wpex-clr\">Pol\u00edtica de Cookies<\/span><\/h1>[\/vc_column][\/vc_row][vc_row][vc_column]<div class=\"vcex-spacing wpex-w-100 wpex-clear\" style=\"height:30px\"><\/div>[\/vc_column][\/vc_row][vc_row][vc_column][vc_column_text]\n<h3><b>Definici\u00f3n y funci\u00f3n de las cookies<\/b><\/h3>\n<p>Una cookie es un fichero que se descarga en su ordenador al acceder a determinadas p\u00e1ginas web. Las cookies permiten a una p\u00e1gina web, entre otras cosas, almacenar y recuperar informaci\u00f3n sobre los h\u00e1bitos de navegaci\u00f3n de un usuario o de su equipo y, dependiendo de la informaci\u00f3n que contengan y de la forma en que utilice su equipo, pueden utilizarse para reconocer al usuario.<\/p>\n<p>Este sitio web, al igual que la mayor\u00eda de los sitios en Internet, utiliza Cookies para mejorar y optimizar la experiencia del usuario. A continuaci\u00f3n encontrar\u00e1 informaci\u00f3n detallada sobre la tipolog\u00eda de Cookies que utiliza este sitio web, sobre c\u00f3mo puede desactivarlas en su navegador y de c\u00f3mo bloquear espec\u00edficamente la instalaci\u00f3n de Cookies de terceros.<\/p>\n<h3><b>Tipo de cookies que utiliza la p\u00e1gina web y su finalidad.<\/b><\/h3>\n<p>El uso de Cookies nos permite facilitar la navegaci\u00f3n del usuario y adaptar la informaci\u00f3n y los servicios que ofrecemos a sus intereses.<\/p>\n<p>Las cookies se usan tanto de modo permanente como temporal (cookies de sesi\u00f3n). Las cookies permanentes se almacenan en su ordenador o dispositivo m\u00f3vil durante un periodo de tiempo no superior a 24 meses.<\/p>\n<p>Usamos cookies propias y de de terceros para recopilar datos estad\u00edsticos de forma agregada a trav\u00e9s de los datos que nos proporciona su utilizaci\u00f3n.<\/p>\n<h3>TIPOS DE COOKIES QUE SE UTILIZAN EN ESTE PORTAL<\/h3>\n<table border=\"1\" cellspacing=\"2\" cellpadding=\"2\">\n<tbody>\n<tr>\n<td>TIPO DE COOKIES<\/td>\n<td>FINALIDAD<\/td>\n<\/tr>\n<tr>\n<td>DE FUNCIONAMIENTO<\/td>\n<td>Estas cookies permiten la navegaci\u00f3n a trav\u00e9s de la web y la utilizaci\u00f3n de las diferentes opciones o servicios que se prestan. Tambi\u00e9n se utilizan para mejorar su experiencia de navegaci\u00f3n y para optimizar el funcionamiento de nuestra p\u00e1gina. Almacenan configuraciones de servicios para que el usuario no tenga que reconfigurarlos cada vez que nos visita.<\/td>\n<\/tr>\n<tr>\n<td>ANALITICAS<\/td>\n<td>Estas cookies se utilizan para recoger informaci\u00f3n sobre el uso de nuestro sitio web por parte de los visitantes. Utilizamos la informaci\u00f3n para elaborar informes y para mejorar el sitio. Estas cookies se asocian \u00fanicamente a un usuario an\u00f3nimo y a su ordenador\/dispositivo sin proporcionar referencias que permitan conocer datos personales. Recogen el n\u00famero de visitantes al sitio, el tiempo que duran las visitas, el navegador, el tipo de terminal, el lugar de procedencia de los visitantes y las p\u00e1ginas visitadas.<\/td>\n<\/tr>\n<\/tbody>\n<\/table>\n<h3><b>Tratamiento de las cookies<\/b><\/h3>\n<p>La informaci\u00f3n obtenida del tratamiento de las cookies es tratada e por el responsable de la Web y por las terceras empresas que se detallan con las que el responsable ha contratado la prestaci\u00f3n de sus servicios que requieren el uso de cookies:<\/p>\n<p>Nombre empresa inform\u00e1tica.<\/p>\n<h3><b>Qu\u00e9 ocurre si se deshabilitan las Cookies<\/b><\/h3>\n<p>En todo momento podr\u00e1 acceder a la configuraci\u00f3n de su navegador para modificar y\/o bloquear la instalaci\u00f3n de las Cookies, pero ello puede implicar que algunas funcionalidades queden deshabilitadas y que pueda verse limitado el acceso a algunos contenidos. La calidad del funcionamiento de los Servicios puede verse afectada.<\/p>\n<h3><b>Forma de desactivar o eliminar las cookies <\/b><\/h3>\n<p>Para permitir, conocer, bloquear o eliminar las cookies instaladas en su equipo, puede hacerlo mediante la configuraci\u00f3n de las opciones del navegador instalado en su ordenador.<\/p>\n<p>Puede encontrar informaci\u00f3n de c\u00f3mo hacerlo en el caso que utilice uno de los siguientes negadores:<\/p>\n<p><strong>Internet Explorer<\/strong>: <a href=\"http:\/\/windows.microsoft.com\/es-ES\/windows7\/How-to-manage-cookies-in-Internet-Explorer-9\" target=\"_blank\" rel=\"noopener\">http:\/\/windows.microsoft.com\/<\/a><\/p>\n<p><strong>Safari<\/strong>: <a href=\"http:\/\/support.apple.com\/kb\/PH5042?viewlocale=es_EShttp:\/\/support.apple.com\/kb\/HT1677?viewlocale=es_ES\" target=\"_blank\" rel=\"noopener\">http:\/\/support.apple.com<\/a><\/p>\n<p><strong>Google Chrome<\/strong>: <a href=\"https:\/\/support.google.com\/chrome\/answer\/95647?hl=es&amp;hlrm=en\" target=\"_blank\" rel=\"noopener\">https:\/\/support.google.com<\/a><\/p>\n<p><strong>Google<\/strong>: <a href=\"http:\/\/www.google.es\/intl\/es\/analytics\/privacyoverview.html\" target=\"_blank\" rel=\"noopener\">http:\/\/www.google.es<\/a><\/p>\n<p><strong>Firefox<\/strong>: <a href=\"http:\/\/support.mozilla.org\/es\/kb\/Borrar%20cookies\" target=\"_blank\" rel=\"noopener\">http:\/\/support.mozilla.org<\/a><\/p>\n<p><strong>Opera<\/strong>: <a href=\"http:\/\/help.opera.com\/Windows\/11.50\/es-ES\/cookies.html\" target=\"_blank\" rel=\"noopener\">http:\/\/help.opera.com<\/a><\/p>\n<p><strong>Android<\/strong>: <a href=\"http:\/\/support.google.com\/android\/?hl=es\" target=\"_blank\" rel=\"noopener\">http:\/\/support.google.com<\/a><\/p>\n<p><strong>Windows Phone<\/strong>: <a href=\"http:\/\/www.windowsphone.com\/es-ES\/how-to\/wp7\/web\/changing-privacy-and-other-browser-settings\" target=\"_blank\" rel=\"noopener\">http:\/\/www.windowsphone.com<\/a><\/p>\n<p><strong>Blackberry<\/strong>: <a href=\"http:\/\/docs.blackberry.com\/en\/smartphone_users\/deliverables\/32004\/Turn_off_cookies_in_the_browser_60_1072866_11.jsp\" target=\"_blank\" rel=\"noopener\">http:\/\/docs.blackberry.com<\/a><\/p>\n<p>Tambi\u00e9n puedes eliminar f\u00e1cilmente las cookies de tu ordenador o dispositivo m\u00f3vil mediante el uso de tu navegador. Para obtener indicaciones de c\u00f3mo gestionar y eliminar las cookies, dir\u00edjase a la pesta\u00f1a \u201cAyuda\u201d de su navegador. Podr\u00e1s desactivar las cookies o recibir una notificaci\u00f3n cada vez que se env\u00eda una nueva cookie a tu ordenador o dispositivo m\u00f3vil.<\/p>\n<p>Existen herramientas disponibles on line, que permiten a los usuarios detectar las cookies en cada sitio web que visitan y gestionar su desactivaci\u00f3n (por ejemplo, Ghostery: http:\/\/www.ghostery.com\/privacy-statement, http:\/\/www.ghostery.com\/faq).<\/p>\n<h3><strong>Actualizaci\u00f3n de nuestra Pol\u00edtica de Cookies<\/strong><\/h3>\n<p>Es posible que actualicemos la Pol\u00edtica de Cookies de nuestro Sitio Web, por ello le recomendamos revisar esta pol\u00edtica cada vez que acceda a nuestro Sitio Web con el objetivo de estar adecuadamente informado sobre c\u00f3mo y para qu\u00e9 usamos las cookies. La Pol\u00edtica de Cookies se actualiz\u00f3 por \u00faltima vez a fecha [21 de febrero de 2014].[\/vc_column_text][\/vc_column][\/vc_row]\n","protected":false},"excerpt":{"rendered":"<p>[vc_row full_width=&#8221;stretch_row&#8221; content_placement=&#8221;middle&#8221; parallax=&#8221;content-moving&#8221; parallax_image=&#8221;3136&#8243; css=&#8221;.vc_custom_1630500847870{padding-top: 100px !important;padding-bottom: 100px !important;}&#8221;][vc_column][\/vc_column][\/vc_row][vc_row][vc_column][\/vc_column][\/vc_row][vc_row][vc_column][vc_column_text] Definici\u00f3n y funci\u00f3n de las cookies Una cookie es un fichero que se descarga en su ordenador al acceder a determinadas p\u00e1ginas web. Las cookies permiten a una p\u00e1gina web,&hellip;<\/p>\n","protected":false},"author":1,"featured_media":0,"parent":0,"menu_order":0,"comment_status":"closed","ping_status":"closed","template":"templates\/no-sidebar.php","meta":{"footnotes":""},"class_list":["post-3019","page","type-page","status-publish","hentry","entry","no-media"],"yoast_head":"<!-- This site is optimized with the Yoast SEO plugin v27.4 - https:\/\/yoast.com\/product\/yoast-seo-wordpress\/ -->\n<title>Pol\u00edtica de Cookies - Molmasa<\/title>\n<meta name=\"robots\" content=\"index, follow, max-snippet:-1, max-image-preview:large, max-video-preview:-1\" \/>\n<link rel=\"canonical\" href=\"https:\/\/molmasa.es\/?page_id=3019\" \/>\n<meta property=\"og:locale\" content=\"es_ES\" \/>\n<meta property=\"og:type\" content=\"article\" \/>\n<meta property=\"og:title\" content=\"Pol\u00edtica de Cookies - Molmasa\" \/>\n<meta property=\"og:description\" content=\"[vc_row full_width=&#8221;stretch_row&#8221; content_placement=&#8221;middle&#8221; parallax=&#8221;content-moving&#8221; parallax_image=&#8221;3136&#8243; css=&#8221;.vc_custom_1630500847870{padding-top: 100px !important;padding-bottom: 100px !important;}&#8221;][vc_column][\/vc_column][\/vc_row][vc_row][vc_column][\/vc_column][\/vc_row][vc_row][vc_column][vc_column_text] Definici\u00f3n y funci\u00f3n de las cookies Una cookie es un fichero que se descarga en su ordenador al acceder a determinadas p\u00e1ginas web. Las cookies permiten a una p\u00e1gina web,&hellip;\" \/>\n<meta property=\"og:url\" content=\"https:\/\/molmasa.es\/?page_id=3019\" \/>\n<meta property=\"og:site_name\" content=\"Molmasa\" \/>\n<meta property=\"article:modified_time\" content=\"2021-09-01T12:55:52+00:00\" \/>\n<meta name=\"twitter:card\" content=\"summary_large_image\" \/>\n<meta name=\"twitter:label1\" content=\"Tiempo de lectura\" \/>\n\t<meta name=\"twitter:data1\" content=\"4 minutos\" \/>\n<script type=\"application\/ld+json\" class=\"yoast-schema-graph\">{\"@context\":\"https:\\\/\\\/schema.org\",\"@graph\":[{\"@type\":\"WebPage\",\"@id\":\"https:\\\/\\\/molmasa.es\\\/?page_id=3019\",\"url\":\"https:\\\/\\\/molmasa.es\\\/?page_id=3019\",\"name\":\"Pol\u00edtica de Cookies - Molmasa\",\"isPartOf\":{\"@id\":\"https:\\\/\\\/molmasa.es\\\/#website\"},\"datePublished\":\"2021-09-01T10:52:52+00:00\",\"dateModified\":\"2021-09-01T12:55:52+00:00\",\"breadcrumb\":{\"@id\":\"https:\\\/\\\/molmasa.es\\\/?page_id=3019#breadcrumb\"},\"inLanguage\":\"es\",\"potentialAction\":[{\"@type\":\"ReadAction\",\"target\":[\"https:\\\/\\\/molmasa.es\\\/?page_id=3019\"]}]},{\"@type\":\"BreadcrumbList\",\"@id\":\"https:\\\/\\\/molmasa.es\\\/?page_id=3019#breadcrumb\",\"itemListElement\":[{\"@type\":\"ListItem\",\"position\":1,\"name\":\"Portada\",\"item\":\"https:\\\/\\\/molmasa.es\\\/?lang=en\"},{\"@type\":\"ListItem\",\"position\":2,\"name\":\"Pol\u00edtica de Cookies\"}]},{\"@type\":\"WebSite\",\"@id\":\"https:\\\/\\\/molmasa.es\\\/#website\",\"url\":\"https:\\\/\\\/molmasa.es\\\/\",\"name\":\"Molmasa\",\"description\":\"\",\"publisher\":{\"@id\":\"https:\\\/\\\/molmasa.es\\\/#organization\"},\"potentialAction\":[{\"@type\":\"SearchAction\",\"target\":{\"@type\":\"EntryPoint\",\"urlTemplate\":\"https:\\\/\\\/molmasa.es\\\/?s={search_term_string}\"},\"query-input\":{\"@type\":\"PropertyValueSpecification\",\"valueRequired\":true,\"valueName\":\"search_term_string\"}}],\"inLanguage\":\"es\"},{\"@type\":\"Organization\",\"@id\":\"https:\\\/\\\/molmasa.es\\\/#organization\",\"name\":\"Molmasa\",\"url\":\"https:\\\/\\\/molmasa.es\\\/\",\"logo\":{\"@type\":\"ImageObject\",\"inLanguage\":\"es\",\"@id\":\"https:\\\/\\\/molmasa.es\\\/#\\\/schema\\\/logo\\\/image\\\/\",\"url\":\"https:\\\/\\\/molmasa.es\\\/wp-content\\\/uploads\\\/2021\\\/09\\\/logo_molmasa_2.png\",\"contentUrl\":\"https:\\\/\\\/molmasa.es\\\/wp-content\\\/uploads\\\/2021\\\/09\\\/logo_molmasa_2.png\",\"width\":229,\"height\":89,\"caption\":\"Molmasa\"},\"image\":{\"@id\":\"https:\\\/\\\/molmasa.es\\\/#\\\/schema\\\/logo\\\/image\\\/\"}}]}<\/script>\n<!-- \/ Yoast SEO plugin. -->","yoast_head_json":{"title":"Pol\u00edtica de Cookies - Molmasa","robots":{"index":"index","follow":"follow","max-snippet":"max-snippet:-1","max-image-preview":"max-image-preview:large","max-video-preview":"max-video-preview:-1"},"canonical":"https:\/\/molmasa.es\/?page_id=3019","og_locale":"es_ES","og_type":"article","og_title":"Pol\u00edtica de Cookies - Molmasa","og_description":"[vc_row full_width=&#8221;stretch_row&#8221; content_placement=&#8221;middle&#8221; parallax=&#8221;content-moving&#8221; parallax_image=&#8221;3136&#8243; css=&#8221;.vc_custom_1630500847870{padding-top: 100px !important;padding-bottom: 100px !important;}&#8221;][vc_column][\/vc_column][\/vc_row][vc_row][vc_column][\/vc_column][\/vc_row][vc_row][vc_column][vc_column_text] Definici\u00f3n y funci\u00f3n de las cookies Una cookie es un fichero que se descarga en su ordenador al acceder a determinadas p\u00e1ginas web. Las cookies permiten a una p\u00e1gina web,&hellip;","og_url":"https:\/\/molmasa.es\/?page_id=3019","og_site_name":"Molmasa","article_modified_time":"2021-09-01T12:55:52+00:00","twitter_card":"summary_large_image","twitter_misc":{"Tiempo de lectura":"4 minutos"},"schema":{"@context":"https:\/\/schema.org","@graph":[{"@type":"WebPage","@id":"https:\/\/molmasa.es\/?page_id=3019","url":"https:\/\/molmasa.es\/?page_id=3019","name":"Pol\u00edtica de Cookies - Molmasa","isPartOf":{"@id":"https:\/\/molmasa.es\/#website"},"datePublished":"2021-09-01T10:52:52+00:00","dateModified":"2021-09-01T12:55:52+00:00","breadcrumb":{"@id":"https:\/\/molmasa.es\/?page_id=3019#breadcrumb"},"inLanguage":"es","potentialAction":[{"@type":"ReadAction","target":["https:\/\/molmasa.es\/?page_id=3019"]}]},{"@type":"BreadcrumbList","@id":"https:\/\/molmasa.es\/?page_id=3019#breadcrumb","itemListElement":[{"@type":"ListItem","position":1,"name":"Portada","item":"https:\/\/molmasa.es\/?lang=en"},{"@type":"ListItem","position":2,"name":"Pol\u00edtica de Cookies"}]},{"@type":"WebSite","@id":"https:\/\/molmasa.es\/#website","url":"https:\/\/molmasa.es\/","name":"Molmasa","description":"","publisher":{"@id":"https:\/\/molmasa.es\/#organization"},"potentialAction":[{"@type":"SearchAction","target":{"@type":"EntryPoint","urlTemplate":"https:\/\/molmasa.es\/?s={search_term_string}"},"query-input":{"@type":"PropertyValueSpecification","valueRequired":true,"valueName":"search_term_string"}}],"inLanguage":"es"},{"@type":"Organization","@id":"https:\/\/molmasa.es\/#organization","name":"Molmasa","url":"https:\/\/molmasa.es\/","logo":{"@type":"ImageObject","inLanguage":"es","@id":"https:\/\/molmasa.es\/#\/schema\/logo\/image\/","url":"https:\/\/molmasa.es\/wp-content\/uploads\/2021\/09\/logo_molmasa_2.png","contentUrl":"https:\/\/molmasa.es\/wp-content\/uploads\/2021\/09\/logo_molmasa_2.png","width":229,"height":89,"caption":"Molmasa"},"image":{"@id":"https:\/\/molmasa.es\/#\/schema\/logo\/image\/"}}]}},"lang":"es","translations":{"es":3019,"en":3386},"pll_sync_post":[],"_links":{"self":[{"href":"https:\/\/molmasa.es\/index.php?rest_route=\/wp\/v2\/pages\/3019","targetHints":{"allow":["GET"]}}],"collection":[{"href":"https:\/\/molmasa.es\/index.php?rest_route=\/wp\/v2\/pages"}],"about":[{"href":"https:\/\/molmasa.es\/index.php?rest_route=\/wp\/v2\/types\/page"}],"author":[{"embeddable":true,"href":"https:\/\/molmasa.es\/index.php?rest_route=\/wp\/v2\/users\/1"}],"replies":[{"embeddable":true,"href":"https:\/\/molmasa.es\/index.php?rest_route=%2Fwp%2Fv2%2Fcomments&post=3019"}],"version-history":[{"count":4,"href":"https:\/\/molmasa.es\/index.php?rest_route=\/wp\/v2\/pages\/3019\/revisions"}],"predecessor-version":[{"id":3140,"href":"https:\/\/molmasa.es\/index.php?rest_route=\/wp\/v2\/pages\/3019\/revisions\/3140"}],"wp:attachment":[{"href":"https:\/\/molmasa.es\/index.php?rest_route=%2Fwp%2Fv2%2Fmedia&parent=3019"}],"curies":[{"name":"wp","href":"https:\/\/api.w.org\/{rel}","templated":true}]}}