{"id":2764,"date":"2021-06-03T14:57:37","date_gmt":"2021-06-03T14:57:37","guid":{"rendered":"https:\/\/molmasa.es\/?page_id=2764"},"modified":"2021-09-01T12:54:17","modified_gmt":"2021-09-01T12:54:17","slug":"politica-de-privacidad","status":"publish","type":"page","link":"https:\/\/molmasa.es\/?page_id=2764","title":{"rendered":"Pol\u00edtica de privacidad"},"content":{"rendered":"[vc_row full_width=&#8221;stretch_row&#8221; content_placement=&#8221;middle&#8221; parallax=&#8221;content-moving&#8221; parallax_image=&#8221;3136&#8243; css=&#8221;.vc_custom_1630500856480{padding-top: 100px !important;padding-bottom: 100px !important;}&#8221;][vc_column]<h1 class=\"vcex-heading vcex-module wpex-text-2xl wpex-font-normal wpex-m-auto wpex-max-w-100 vcex-heading-plain wpex-block wpex-text-center  wpb_animate_when_almost_visible wpb_fadeIn fadeIn\" style=\"color:#ffffff;font-size:3em;text-transform:uppercase;\"><span class=\"vcex-heading-inner wpex-inline-block wpex-clr\">Pol\u00edtica de privacidad<\/span><\/h1>[\/vc_column][\/vc_row][vc_row][vc_column]<div class=\"vcex-spacing wpex-w-100 wpex-clear\" style=\"height:30px\"><\/div>[\/vc_column][\/vc_row][vc_row][vc_column][vc_column_text]<strong>Molmasa Industrial de Moldes S.L.<\/strong> conforme a los requisitos de la legislaci\u00f3n vigente, pone a su disposici\u00f3n nuestra <strong>Pol\u00edtica de Uso<\/strong> de su p\u00e1gina web, <strong>Pol\u00edtica de Protecci\u00f3n de Datos de Car\u00e1cter Personal<\/strong> y nueva normativa de<strong> Pol\u00edtica de Cookies<\/strong>, aplicables en la prestaci\u00f3n de servicios y en las relaciones con los clientes.<\/p>\n<p><strong>Molmasa Industrial de Moldes S.L.<\/strong> con NIF B-64962996 e inscrita en el Registro Mercantil de Barcelona, Folio 195, Tomo 40869, Hoja B-371.<\/p>\n<p>El uso de este sitio web implica la aceptaci\u00f3n de estos t\u00e9rminos. Si no est\u00e1 de acuerdo con ellos, le rogamos que no utilice este sitio web.<\/p>\n<h3>Pol\u00edtica de Privacidad de Datos de Car\u00e1cter Personal<\/h3>\n<p>En virtud de lo establecido en la Ley 15\/1999 de 13 Diciembre (LOPD) y Ley 34\/2002 de 11 de julio (LSSICE), le informamos que sus datos van a forman parte de un fichero titularidad de <strong>Molmasa Industrial de Moldes S.L<\/strong>. La informaci\u00f3n registrada se utilizar\u00e1 para informarle por cualquier medio electr\u00f3nico de nuestras novedades. Puede ejercer los derechos de acceso, rectificaci\u00f3n, cancelaci\u00f3n y oposici\u00f3n en Avenida de la Ferrer\u00eda, 82, Montcada i Reixach, 08110, Barcelona o bien con un e-mail a <a href=\"mailto:info@molmasa.es\">info@molmasa.es<\/a>. En cumplimiento de la Ley 34\/2002 del 11 de julio, de Servicios de la Sociedad de la Informaci\u00f3n y de Comercio Electr\u00f3nico, le informamos que puede revocar en cualquier momento, de forma sencilla y gratuita, el consentimiento para la recepci\u00f3n de correo electr\u00f3nico enviando un e-mail con su solicitud a <a href=\"mailto:info@molmasa.es\">info@molmasa.es<\/a>.<\/p>\n<h3>Propiedad Intelectual de los contenidos del sitio web<\/h3>\n<p>Los textos (informaciones, conceptos, opiniones y otros an\u00e1logos) y elementos gr\u00e1ficos (dise\u00f1o, logos, c\u00f3digo fuente y otros an\u00e1logos) que constituyen el sitio web y difundidos a trav\u00e9s de \u00e9ste, as\u00ed como su presentaci\u00f3n y montaje, son titularidad exclusiva de <strong>Molmasa Industrial de Moldes S.L<\/strong>.<\/p>\n<p><strong>Molmasa Industrial de Moldes S.L<\/strong>. no concede licencia de uso o autorizaci\u00f3n alguna sobre sus derechos de propiedad industrial e intelectual o sobre cualquier otra propiedad o derecho relacionado con su sitio web, salvo acuerdo expreso con terceros.<\/p>\n<p>Los usuarios podr\u00e1n llevar a cabo la reproducci\u00f3n de los contenidos del sitio web con el \u00fanico fin de proceder a su almacenamiento, a la realizaci\u00f3n de copias de seguridad o a su impresi\u00f3n sobre papel para uso privado.<\/p>\n<p>Al margen de lo anterior, queda prohibida toda reproducci\u00f3n, distribuci\u00f3n, transformaci\u00f3n, presentaci\u00f3n, total o parcial, del contenido del sitio web o de alguno de sus elementos, de forma directa o indirecta por redes telem\u00e1ticas o soportes an\u00e1logos, con un fin comercial dirigido al p\u00fablico o para una utilizaci\u00f3n m\u00e1s all\u00e1 de las mencionadas, a\u00fan citando la fuente, siempre que no se cuente con la autorizaci\u00f3n expresa y por escrito de <strong>Molmasa Industrial de Moldes S.L. <\/strong><\/p>\n<p>El incumplimiento de lo anterior facultar\u00e1 a <strong>Molmasa Industrial de Moldes S.L<\/strong>. para interponer las acciones legales pertinentes.<\/p>\n<h3>Quedan especialmente prohibidas:<\/h3>\n<p>La presentaci\u00f3n de una p\u00e1gina del sitio web en una marco de otra p\u00e1gina web que no pertenezca a <strong>Molmasa Industrial de Moldes S.L<\/strong>. mediante la t\u00e9cnica denominada \u201cframing\u201d a no ser que cuente con el expreso consentimiento por escrito de <strong>Molmasa Industrial de Moldes S.L<\/strong>.<\/p>\n<p>La inserci\u00f3n de una imagen difundida en el sitio web en una p\u00e1gina o base de datos, no perteneciente a <strong>Molmasa Industrial de Moldes S.L<\/strong>. mediante la t\u00e9cnica denominada \u201cin line linking\u201d si ello no cuenta con la expresa autorizaci\u00f3n de <strong>Molmasa Industrial de Moldes S.L<\/strong>.<\/p>\n<p>La extracci\u00f3n y uso de elementos del sitio web causando o no un perjuicio cualquiera a <strong>Molmasa Industrial de Moldes S.L<\/strong>. conforme a las disposiciones las leyes de Propiedad Intelectual.<\/p>\n<p><strong>Molmasa Industrial de Moldes S.L<\/strong>. deber\u00e1 autorizar expresamente el establecimiento de links de hipertexto (hiperv\u00ednculos) en otra website dirigidos al homepage de este sitio web o a cualquier otra p\u00e1gina interna de \u00e9ste, siempre que las correspondientes p\u00e1ginas aparezcan en una ventana completa y bajo las direcciones electr\u00f3nicas propias del mismo.<\/p>\n<p>Los derechos no expresamente concedidos anteriormente quedan reservados a <strong>Molmasa Industrial de Moldes S.L<\/strong>. o en su caso a terceros colaboradores.<\/p>\n<p>Todos los nombres comerciales, marcas o signos distintivos, logotipos, s\u00edmbolos, marcas mixtas, figurativas o nominativas que aparecen en este sitio web pertenecen a <strong>Molmasa Industrial de Moldes S.L.<\/strong> o dispone, previa autorizaci\u00f3n, del derecho de uso sobre las mismas y se encuentran protegidos por la legislaci\u00f3n vigente al respecto.<\/p>\n<h3>Pol\u00edtica de Cookies<\/h3>\n<p>De acuerdo con la nueva normativa,<strong> Molmasa Industrial de Moldes S.L.<\/strong> facilita a los usuarios la informaci\u00f3n relativa a las cookies que utiliza y el motivo de su uso, as\u00ed como solicitar su consentimiento para poder utilizarlas.<\/p>\n<p>Las cookies son peque\u00f1as cantidades de informaci\u00f3n que se almacenan en el navegador utilizado por cada usuario para que el servidor recuerde cierta informaci\u00f3n que posteriormente pueda utilizar. Esta informaci\u00f3n permite identificarle a usted como un usuario concreto y permite guardar sus preferencias personales, as\u00ed como informaci\u00f3n t\u00e9cnica como puedan ser visitas o p\u00e1ginas concretas que visite. Aquellos usuarios que no deseen recibir cookies o quieran ser informados antes de que se almacenen en su ordenador, pueden configurar su navegador a tal efecto.<\/p>\n<p>Las cookies que utilizamos no almacenan dato personal alguno, ni ning\u00fan tipo de informaci\u00f3n que pueda identificarle. Las cookies se asignan a su PC s\u00f3lo por la duraci\u00f3n de su visita a nuestro website y sirven para mejorar los servicios que le ofrecemos. \u00c9stas desaparecen autom\u00e1ticamente cuando cierra su navegador. Algunas de las cookies que se instalan son estrictamente necesarias para que la p\u00e1gina funcione bien y otras sirven para mejorar el rendimiento y su experiencia como usuario.<\/p>\n<p><strong>Molmasa Industrial de Moldes S.L.<\/strong> no utiliza ninguna cookie con fines publicitarios.<\/p>\n<p>El Usuario puede, libremente, decidir acerca de la implantaci\u00f3n o no, en su ordenador, de las cookies empleadas. En este sentido, el Usuario puede configurar su navegador para aceptar o rechazar, por defecto, todas las cookies, o para recibir un aviso en pantalla de la recepci\u00f3n de cada cookie y decidir, en ese momento, su implantaci\u00f3n o no en su ordenador.<\/p>\n<h3>Clasificaci\u00f3n de las cookies:<\/h3>\n<p>Seg\u00fan finalidad:<\/p>\n<ul>\n<li>Cookies t\u00e9cnicas: Son aqu\u00e9llas que permiten al usuario la navegaci\u00f3n a trav\u00e9s de una p\u00e1gina web, plataforma o aplicaci\u00f3n y la utilizaci\u00f3n de las diferentes opciones o servicios que en ella existan como, por ejemplo, controlar el tr\u00e1fico y la comunicaci\u00f3n de datos, identificar la sesi\u00f3n, acceder a partes de acceso restringido, recordar los elementos que integran un pedido, realizar el proceso de compra de un pedido, realizar la solicitud de inscripci\u00f3n o participaci\u00f3n en un evento, utilizar elementos de seguridad durante la navegaci\u00f3n, almacenar contenidos para la difusi\u00f3n de videos o sonido o compartir contenidos a trav\u00e9s de redes sociales.<\/li>\n<li>Cookies de personalizaci\u00f3n: Son aqu\u00e9llas que permiten al usuario acceder al servicio con algunas caracter\u00edsticas de car\u00e1cter general predefinidas en funci\u00f3n de una serie de criterios en el terminal del usuario como por ejemplo serian el idioma, el tipo de navegador a trav\u00e9s del cual accede al servicio, la configuraci\u00f3n regional desde donde accede al servicio, etc.<\/li>\n<li>Cookies de an\u00e1lisis: Son aqu\u00e9llas que permiten al responsable de las mismas, el seguimiento y an\u00e1lisis del comportamiento de los usuarios de los sitios web a los que est\u00e1n vinculadas. La informaci\u00f3n recogida mediante este tipo de cookies se utiliza en la medici\u00f3n de la actividad de los sitios web, aplicaci\u00f3n o plataforma y para la elaboraci\u00f3n de perfiles de navegaci\u00f3n de los usuarios de dichos sitios, aplicaciones y plataformas, con el fin de introducir mejoras en funci\u00f3n del an\u00e1lisis de los datos de uso que hacen los usuarios del servicio.<\/li>\n<\/ul>\n<p>Seg\u00fan el plazo de tiempo que permanecen activadas:<\/p>\n<ul>\n<li>Cookies de sesi\u00f3n: Son un tipo de cookies dise\u00f1adas para recabar y almacenar datos mientras el usuario accede a una p\u00e1gina web.<\/li>\n<li>Cookies persistentes: Son un tipo de cookies en el que los datos siguen almacenados en el terminal y pueden ser accedidos y tratados durante un periodo definido por el responsable de la cookie, y que puede ir de unos minutos a varios a\u00f1os.<\/li>\n<\/ul>\n<p>Seg\u00fan la entidad que las gestione:<\/p>\n<ul>\n<li>Cookies propias: Son aqu\u00e9llas que se env\u00edan al equipo terminal del usuario desde un equipo o dominio gestionado por el propio editor y desde el que se presta el servicio solicitado por el usuario.<\/li>\n<li>Cookies de tercero: Son aqu\u00e9llas que se env\u00edan al equipo terminal del usuario desde un equipo o dominio que no es gestionado por el editor, sino por otra entidad que trata los datos obtenidos trav\u00e9s de las cookies.<\/li>\n<\/ul>\n[\/vc_column_text][\/vc_column][\/vc_row]\n","protected":false},"excerpt":{"rendered":"<p>[vc_row full_width=&#8221;stretch_row&#8221; content_placement=&#8221;middle&#8221; parallax=&#8221;content-moving&#8221; parallax_image=&#8221;3136&#8243; css=&#8221;.vc_custom_1630500856480{padding-top: 100px !important;padding-bottom: 100px !important;}&#8221;][vc_column][\/vc_column][\/vc_row][vc_row][vc_column][\/vc_column][\/vc_row][vc_row][vc_column][vc_column_text]Molmasa Industrial de Moldes S.L. conforme a los requisitos de la legislaci\u00f3n vigente, pone a su disposici\u00f3n nuestra Pol\u00edtica de Uso de su p\u00e1gina web, Pol\u00edtica de Protecci\u00f3n de Datos de&hellip;<\/p>\n","protected":false},"author":1,"featured_media":0,"parent":0,"menu_order":0,"comment_status":"closed","ping_status":"closed","template":"templates\/no-sidebar.php","meta":{"footnotes":""},"class_list":["post-2764","page","type-page","status-publish","hentry","entry","no-media"],"yoast_head":"<!-- This site is optimized with the Yoast SEO plugin v27.4 - https:\/\/yoast.com\/product\/yoast-seo-wordpress\/ -->\n<title>Pol\u00edtica de privacidad - Molmasa<\/title>\n<meta name=\"robots\" content=\"index, follow, max-snippet:-1, max-image-preview:large, max-video-preview:-1\" \/>\n<link rel=\"canonical\" href=\"https:\/\/molmasa.es\/?page_id=2764\" \/>\n<meta property=\"og:locale\" content=\"es_ES\" \/>\n<meta property=\"og:type\" content=\"article\" \/>\n<meta property=\"og:title\" content=\"Pol\u00edtica de privacidad - Molmasa\" \/>\n<meta property=\"og:description\" content=\"[vc_row full_width=&#8221;stretch_row&#8221; content_placement=&#8221;middle&#8221; parallax=&#8221;content-moving&#8221; parallax_image=&#8221;3136&#8243; css=&#8221;.vc_custom_1630500856480{padding-top: 100px !important;padding-bottom: 100px !important;}&#8221;][vc_column][\/vc_column][\/vc_row][vc_row][vc_column][\/vc_column][\/vc_row][vc_row][vc_column][vc_column_text]Molmasa Industrial de Moldes S.L. conforme a los requisitos de la legislaci\u00f3n vigente, pone a su disposici\u00f3n nuestra Pol\u00edtica de Uso de su p\u00e1gina web, Pol\u00edtica de Protecci\u00f3n de Datos de&hellip;\" \/>\n<meta property=\"og:url\" content=\"https:\/\/molmasa.es\/?page_id=2764\" \/>\n<meta property=\"og:site_name\" content=\"Molmasa\" \/>\n<meta property=\"article:modified_time\" content=\"2021-09-01T12:54:17+00:00\" \/>\n<meta name=\"twitter:card\" content=\"summary_large_image\" \/>\n<meta name=\"twitter:label1\" content=\"Tiempo de lectura\" \/>\n\t<meta name=\"twitter:data1\" content=\"8 minutos\" \/>\n<script type=\"application\/ld+json\" class=\"yoast-schema-graph\">{\"@context\":\"https:\\\/\\\/schema.org\",\"@graph\":[{\"@type\":\"WebPage\",\"@id\":\"https:\\\/\\\/molmasa.es\\\/?page_id=2764\",\"url\":\"https:\\\/\\\/molmasa.es\\\/?page_id=2764\",\"name\":\"Pol\u00edtica de privacidad - Molmasa\",\"isPartOf\":{\"@id\":\"https:\\\/\\\/molmasa.es\\\/#website\"},\"datePublished\":\"2021-06-03T14:57:37+00:00\",\"dateModified\":\"2021-09-01T12:54:17+00:00\",\"breadcrumb\":{\"@id\":\"https:\\\/\\\/molmasa.es\\\/?page_id=2764#breadcrumb\"},\"inLanguage\":\"es\",\"potentialAction\":[{\"@type\":\"ReadAction\",\"target\":[\"https:\\\/\\\/molmasa.es\\\/?page_id=2764\"]}]},{\"@type\":\"BreadcrumbList\",\"@id\":\"https:\\\/\\\/molmasa.es\\\/?page_id=2764#breadcrumb\",\"itemListElement\":[{\"@type\":\"ListItem\",\"position\":1,\"name\":\"Portada\",\"item\":\"https:\\\/\\\/molmasa.es\\\/?lang=en\"},{\"@type\":\"ListItem\",\"position\":2,\"name\":\"Pol\u00edtica de privacidad\"}]},{\"@type\":\"WebSite\",\"@id\":\"https:\\\/\\\/molmasa.es\\\/#website\",\"url\":\"https:\\\/\\\/molmasa.es\\\/\",\"name\":\"Molmasa\",\"description\":\"\",\"publisher\":{\"@id\":\"https:\\\/\\\/molmasa.es\\\/#organization\"},\"potentialAction\":[{\"@type\":\"SearchAction\",\"target\":{\"@type\":\"EntryPoint\",\"urlTemplate\":\"https:\\\/\\\/molmasa.es\\\/?s={search_term_string}\"},\"query-input\":{\"@type\":\"PropertyValueSpecification\",\"valueRequired\":true,\"valueName\":\"search_term_string\"}}],\"inLanguage\":\"es\"},{\"@type\":\"Organization\",\"@id\":\"https:\\\/\\\/molmasa.es\\\/#organization\",\"name\":\"Molmasa\",\"url\":\"https:\\\/\\\/molmasa.es\\\/\",\"logo\":{\"@type\":\"ImageObject\",\"inLanguage\":\"es\",\"@id\":\"https:\\\/\\\/molmasa.es\\\/#\\\/schema\\\/logo\\\/image\\\/\",\"url\":\"https:\\\/\\\/molmasa.es\\\/wp-content\\\/uploads\\\/2021\\\/09\\\/logo_molmasa_2.png\",\"contentUrl\":\"https:\\\/\\\/molmasa.es\\\/wp-content\\\/uploads\\\/2021\\\/09\\\/logo_molmasa_2.png\",\"width\":229,\"height\":89,\"caption\":\"Molmasa\"},\"image\":{\"@id\":\"https:\\\/\\\/molmasa.es\\\/#\\\/schema\\\/logo\\\/image\\\/\"}}]}<\/script>\n<!-- \/ Yoast SEO plugin. -->","yoast_head_json":{"title":"Pol\u00edtica de privacidad - Molmasa","robots":{"index":"index","follow":"follow","max-snippet":"max-snippet:-1","max-image-preview":"max-image-preview:large","max-video-preview":"max-video-preview:-1"},"canonical":"https:\/\/molmasa.es\/?page_id=2764","og_locale":"es_ES","og_type":"article","og_title":"Pol\u00edtica de privacidad - Molmasa","og_description":"[vc_row full_width=&#8221;stretch_row&#8221; content_placement=&#8221;middle&#8221; parallax=&#8221;content-moving&#8221; parallax_image=&#8221;3136&#8243; css=&#8221;.vc_custom_1630500856480{padding-top: 100px !important;padding-bottom: 100px !important;}&#8221;][vc_column][\/vc_column][\/vc_row][vc_row][vc_column][\/vc_column][\/vc_row][vc_row][vc_column][vc_column_text]Molmasa Industrial de Moldes S.L. conforme a los requisitos de la legislaci\u00f3n vigente, pone a su disposici\u00f3n nuestra Pol\u00edtica de Uso de su p\u00e1gina web, Pol\u00edtica de Protecci\u00f3n de Datos de&hellip;","og_url":"https:\/\/molmasa.es\/?page_id=2764","og_site_name":"Molmasa","article_modified_time":"2021-09-01T12:54:17+00:00","twitter_card":"summary_large_image","twitter_misc":{"Tiempo de lectura":"8 minutos"},"schema":{"@context":"https:\/\/schema.org","@graph":[{"@type":"WebPage","@id":"https:\/\/molmasa.es\/?page_id=2764","url":"https:\/\/molmasa.es\/?page_id=2764","name":"Pol\u00edtica de privacidad - Molmasa","isPartOf":{"@id":"https:\/\/molmasa.es\/#website"},"datePublished":"2021-06-03T14:57:37+00:00","dateModified":"2021-09-01T12:54:17+00:00","breadcrumb":{"@id":"https:\/\/molmasa.es\/?page_id=2764#breadcrumb"},"inLanguage":"es","potentialAction":[{"@type":"ReadAction","target":["https:\/\/molmasa.es\/?page_id=2764"]}]},{"@type":"BreadcrumbList","@id":"https:\/\/molmasa.es\/?page_id=2764#breadcrumb","itemListElement":[{"@type":"ListItem","position":1,"name":"Portada","item":"https:\/\/molmasa.es\/?lang=en"},{"@type":"ListItem","position":2,"name":"Pol\u00edtica de privacidad"}]},{"@type":"WebSite","@id":"https:\/\/molmasa.es\/#website","url":"https:\/\/molmasa.es\/","name":"Molmasa","description":"","publisher":{"@id":"https:\/\/molmasa.es\/#organization"},"potentialAction":[{"@type":"SearchAction","target":{"@type":"EntryPoint","urlTemplate":"https:\/\/molmasa.es\/?s={search_term_string}"},"query-input":{"@type":"PropertyValueSpecification","valueRequired":true,"valueName":"search_term_string"}}],"inLanguage":"es"},{"@type":"Organization","@id":"https:\/\/molmasa.es\/#organization","name":"Molmasa","url":"https:\/\/molmasa.es\/","logo":{"@type":"ImageObject","inLanguage":"es","@id":"https:\/\/molmasa.es\/#\/schema\/logo\/image\/","url":"https:\/\/molmasa.es\/wp-content\/uploads\/2021\/09\/logo_molmasa_2.png","contentUrl":"https:\/\/molmasa.es\/wp-content\/uploads\/2021\/09\/logo_molmasa_2.png","width":229,"height":89,"caption":"Molmasa"},"image":{"@id":"https:\/\/molmasa.es\/#\/schema\/logo\/image\/"}}]}},"lang":"es","translations":{"es":2764,"en":3387},"pll_sync_post":[],"_links":{"self":[{"href":"https:\/\/molmasa.es\/index.php?rest_route=\/wp\/v2\/pages\/2764","targetHints":{"allow":["GET"]}}],"collection":[{"href":"https:\/\/molmasa.es\/index.php?rest_route=\/wp\/v2\/pages"}],"about":[{"href":"https:\/\/molmasa.es\/index.php?rest_route=\/wp\/v2\/types\/page"}],"author":[{"embeddable":true,"href":"https:\/\/molmasa.es\/index.php?rest_route=\/wp\/v2\/users\/1"}],"replies":[{"embeddable":true,"href":"https:\/\/molmasa.es\/index.php?rest_route=%2Fwp%2Fv2%2Fcomments&post=2764"}],"version-history":[{"count":6,"href":"https:\/\/molmasa.es\/index.php?rest_route=\/wp\/v2\/pages\/2764\/revisions"}],"predecessor-version":[{"id":3142,"href":"https:\/\/molmasa.es\/index.php?rest_route=\/wp\/v2\/pages\/2764\/revisions\/3142"}],"wp:attachment":[{"href":"https:\/\/molmasa.es\/index.php?rest_route=%2Fwp%2Fv2%2Fmedia&parent=2764"}],"curies":[{"name":"wp","href":"https:\/\/api.w.org\/{rel}","templated":true}]}}