{"id":2735,"date":"2021-06-03T14:43:19","date_gmt":"2021-06-03T14:43:19","guid":{"rendered":"https:\/\/molmasa.es\/?page_id=2735"},"modified":"2025-07-28T18:37:00","modified_gmt":"2025-07-28T18:37:00","slug":"twin-cool-2","status":"publish","type":"page","link":"https:\/\/molmasa.es\/?page_id=2735","title":{"rendered":"twin cool"},"content":{"rendered":"[vc_row full_width=&#8221;stretch_row&#8221; content_placement=&#8221;middle&#8221; parallax=&#8221;content-moving&#8221; parallax_image=&#8221;3094&#8243; css=&#8221;.vc_custom_1630501449262{padding-top: 100px !important;padding-bottom: 100px !important;}&#8221;][vc_column]<h1 class=\"vcex-heading vcex-module wpex-text-2xl wpex-font-normal wpex-m-auto wpex-max-w-100 vcex-heading-plain wpex-block wpex-text-center  wpb_animate_when_almost_visible wpb_fadeIn fadeIn\" style=\"color:#ffffff;font-size:3em;text-transform:uppercase;\"><span class=\"vcex-heading-inner wpex-inline-block wpex-clr\">APLICACIONES ESPECIALES \/ INNOVACI\u00d3N<\/span><\/h1>[\/vc_column][\/vc_row][vc_row][vc_column]<div class=\"vcex-spacing wpex-w-100 wpex-clear\" style=\"height:30px\"><\/div>[\/vc_column][\/vc_row][vc_row][vc_column width=&#8221;1\/2&#8243;]<div class=\"wpex-slider-preloaderimg\"><img loading=\"lazy\" decoding=\"async\" data-no-lazy=\"1\" class=\"skip-lazy\" src=\"https:\/\/molmasa.es\/wp-content\/uploads\/2021\/09\/43_1.jpg\" alt=\"\" width=\"1200\" height=\"800\" \/><\/div><div class=\"vcex-module wpex-slider slider-pro vcex-image-slider wpex-clr\" data-auto-play-delay=\"5000\" data-fade-arrows=\"false\" data-thumbnails=\"true\" data-animation-speed=\"150\" data-height-animation-duration=\"500\" data-thumbnail-height=\"150\" data-thumbnail-width=\"150\"><div class=\"wpex-slider-slides sp-slides\"><div class=\"wpex-slider-slide sp-slide\"><div class=\"wpex-slider-media\"><img loading=\"lazy\" decoding=\"async\" data-no-lazy=\"1\" class=\"skip-lazy\" src=\"https:\/\/molmasa.es\/wp-content\/uploads\/2021\/09\/43_1.jpg\" alt=\"\" width=\"1200\" height=\"800\" \/><\/div><\/div><div class=\"wpex-slider-slide sp-slide\"><div class=\"wpex-slider-media\"><img loading=\"lazy\" decoding=\"async\" data-no-lazy=\"1\" class=\"skip-lazy\" src=\"https:\/\/molmasa.es\/wp-content\/uploads\/2021\/09\/43_0.jpg\" alt=\"\" width=\"1200\" height=\"975\" \/><\/div><\/div><\/div><div class=\"wpex-slider-thumbnails sp-thumbnails\"><img loading=\"lazy\" decoding=\"async\" data-no-lazy=\"1\" class=\"wpex-slider-thumbnail sp-thumbnail skip-lazy\" src=\"https:\/\/molmasa.es\/wp-content\/uploads\/2021\/09\/43_1.jpg\" alt=\"\" width=\"1200\" height=\"800\" \/><img loading=\"lazy\" decoding=\"async\" data-no-lazy=\"1\" class=\"wpex-slider-thumbnail sp-thumbnail skip-lazy\" src=\"https:\/\/molmasa.es\/wp-content\/uploads\/2021\/09\/43_0.jpg\" alt=\"\" width=\"1200\" height=\"975\" \/><\/div><\/div>[\/vc_column][vc_column width=&#8221;1\/2&#8243;]<h3 class=\"vcex-heading vcex-module wpex-text-2xl wpex-font-normal wpex-m-auto wpex-max-w-100 vcex-heading-plain wpex-block\" style=\"text-transform:uppercase;\"><span class=\"vcex-heading-inner wpex-inline-block wpex-clr\">twin cool<\/span><\/h3>[vc_separator css=&#8221;.vc_custom_1630422267842{margin-top: 30px !important;margin-bottom: 30px !important;}&#8221;][vc_column_text]<span style=\"font-weight: 400;\">A partir de nuestra trayectoria y experiencia en el desarrollo y producci\u00f3n de preformas con compromiso de alta calidad, en molmasa desarrollamos y patentamos twin cool. Se trata de un <strong>sistema de producci\u00f3n de preformas compacto, productivo y flexible<\/strong>.\u00a0<\/span><\/p>\n<p><span style=\"font-weight: 400;\">Las ventajas de twin cool son:<\/span><\/p>\n<ul>\n<li><span style=\"font-weight: 400;\">m\u00e1quina de inyecci\u00f3n est\u00e1ndar<\/span><\/li>\n<li><span style=\"font-weight: 400;\">descarga sin robot<\/span><\/li>\n<li><span style=\"font-weight: 400;\">ciclos r\u00e1pidos gracias al doble enfriamiento<\/span><\/li>\n<li><span style=\"font-weight: 400;\">cambio de versi\u00f3n r\u00e1pido para producir modelos con varios pesos y dise\u00f1os<\/span><\/li>\n<\/ul>\n[\/vc_column_text][\/vc_column][\/vc_row][vc_row full_width=&#8221;stretch_row_content_no_spaces&#8221;][vc_column]<div class=\"vcex-spacing wpex-w-100 wpex-clear\" style=\"height:40px\"><\/div>[vc_separator][\/vc_column][\/vc_row][vc_row][vc_column]<div class=\"vcex-spacing wpex-w-100 wpex-clear\" style=\"height:40px\"><\/div><h2 class=\"vcex-heading vcex-module wpex-text-2xl wpex-font-normal wpex-m-auto wpex-max-w-100 vcex-heading-plain wpex-block wpex-text-center\" style=\"font-weight:700;\"><span class=\"vcex-heading-inner wpex-inline-block wpex-clr\">Aplicaciones especiales e innovaci\u00f3n<\/span><\/h2>[\/vc_column][\/vc_row][vc_row][vc_column width=&#8221;1\/2&#8243;]<div class=\"wpb_animate_when_almost_visible wpb_fadeIn fadeIn\"><div class=\"vcex-width--icon_box wpex-max-w-100 wpex-m-auto\" style=\"width:80%;\"><div class=\"vcex-module vcex-icon-box vcex-icon-box-two wpex-relative wpex-text-center hvr hvr-grow\"><div class=\"vcex-icon-box-symbol wpex-mb-20\"><a href=\"https:\/\/molmasa.es\/?page_id=2733\" class=\"wpex-no-underline\"><img decoding=\"async\" loading=\"lazy\" class=\"vcex-icon-box-image wpex-align-middle\" src=\"https:\/\/molmasa.es\/wp-content\/uploads\/2021\/09\/42.jpg\" alt=\"\" width=\"1125\" height=\"1500\" \/><\/a><\/div><div class=\"vcex-icon-box-text\"><a href=\"https:\/\/molmasa.es\/?page_id=2733\" class=\"vcex-icon-box-link wpex-no-underline\"><h2 class=\"vcex-icon-box-heading wpex-heading wpex-text-md wpex-mb-10\" style=\"color:#026cb5;font-size:18px;\">PRElactia<\/h2><\/a><div class=\"vcex-icon-box-content wpex-last-mb-0 wpex-clr\"><p>En molmasa estamos especialmente orgullosos de Prelactia por ser <strong>econ\u00f3mica, fiable y reproducible.<\/strong><\/p>\n<\/div><\/div><\/div><\/div><\/div>[\/vc_column][vc_column width=&#8221;1\/2&#8243;]<div class=\"wpb_animate_when_almost_visible wpb_fadeIn fadeIn\"><div class=\"vcex-width--icon_box wpex-max-w-100 wpex-m-auto\" style=\"width:80%;\"><div class=\"vcex-module vcex-icon-box vcex-icon-box-two wpex-relative wpex-text-center hvr hvr-grow\"><div class=\"vcex-icon-box-symbol wpex-mb-20\"><a href=\"https:\/\/molmasa.es\/?page_id=2737\" class=\"wpex-no-underline\"><img decoding=\"async\" loading=\"lazy\" class=\"vcex-icon-box-image wpex-align-middle\" src=\"https:\/\/molmasa.es\/wp-content\/uploads\/2021\/09\/44_0.jpg\" alt=\"\" width=\"1600\" height=\"900\" \/><\/a><\/div><div class=\"vcex-icon-box-text\"><a href=\"https:\/\/molmasa.es\/?page_id=2737\" class=\"vcex-icon-box-link wpex-no-underline\"><h2 class=\"vcex-icon-box-heading wpex-heading wpex-text-md wpex-mb-10\" style=\"color:#026cb5;font-size:18px;\">Equipos llave en mano<\/h2><\/a><div class=\"vcex-icon-box-content wpex-last-mb-0 wpex-clr\"><p>En molmasa sabemos que muchos de nuestros clientes necesitan un <strong>proyecto a medida e integral<\/strong>, que d\u00e9 respuesta a todas las fases del proceso productivo.<\/p>\n<\/div><\/div><\/div><\/div><\/div>[\/vc_column][\/vc_row]\n","protected":false},"excerpt":{"rendered":"<p>[vc_row full_width=&#8221;stretch_row&#8221; content_placement=&#8221;middle&#8221; parallax=&#8221;content-moving&#8221; parallax_image=&#8221;3094&#8243; css=&#8221;.vc_custom_1630501449262{padding-top: 100px !important;padding-bottom: 100px !important;}&#8221;][vc_column][\/vc_column][\/vc_row][vc_row][vc_column][\/vc_column][\/vc_row][vc_row][vc_column width=&#8221;1\/2&#8243;][\/vc_column][vc_column width=&#8221;1\/2&#8243;][vc_separator css=&#8221;.vc_custom_1630422267842{margin-top: 30px !important;margin-bottom: 30px !important;}&#8221;][vc_column_text]A partir de nuestra trayectoria y experiencia en el desarrollo y producci\u00f3n de preformas con compromiso de alta calidad, en molmasa desarrollamos y patentamos&hellip;<\/p>\n","protected":false},"author":1,"featured_media":0,"parent":0,"menu_order":0,"comment_status":"closed","ping_status":"closed","template":"templates\/no-sidebar.php","meta":{"footnotes":""},"class_list":["post-2735","page","type-page","status-publish","hentry","entry","no-media"],"yoast_head":"<!-- This site is optimized with the Yoast SEO plugin v27.4 - https:\/\/yoast.com\/product\/yoast-seo-wordpress\/ -->\n<title>twin cool - Molmasa<\/title>\n<meta name=\"robots\" content=\"index, follow, max-snippet:-1, max-image-preview:large, max-video-preview:-1\" \/>\n<link rel=\"canonical\" href=\"https:\/\/molmasa.es\/?page_id=2735\" \/>\n<meta property=\"og:locale\" content=\"es_ES\" \/>\n<meta property=\"og:type\" content=\"article\" \/>\n<meta property=\"og:title\" content=\"twin cool - Molmasa\" \/>\n<meta property=\"og:description\" content=\"[vc_row full_width=&#8221;stretch_row&#8221; content_placement=&#8221;middle&#8221; parallax=&#8221;content-moving&#8221; parallax_image=&#8221;3094&#8243; css=&#8221;.vc_custom_1630501449262{padding-top: 100px !important;padding-bottom: 100px !important;}&#8221;][vc_column][\/vc_column][\/vc_row][vc_row][vc_column][\/vc_column][\/vc_row][vc_row][vc_column width=&#8221;1\/2&#8243;][\/vc_column][vc_column width=&#8221;1\/2&#8243;][vc_separator css=&#8221;.vc_custom_1630422267842{margin-top: 30px !important;margin-bottom: 30px !important;}&#8221;][vc_column_text]A partir de nuestra trayectoria y experiencia en el desarrollo y producci\u00f3n de preformas con compromiso de alta calidad, en molmasa desarrollamos y patentamos&hellip;\" \/>\n<meta property=\"og:url\" content=\"https:\/\/molmasa.es\/?page_id=2735\" \/>\n<meta property=\"og:site_name\" content=\"Molmasa\" \/>\n<meta property=\"article:modified_time\" content=\"2025-07-28T18:37:00+00:00\" \/>\n<meta name=\"twitter:card\" content=\"summary_large_image\" \/>\n<meta name=\"twitter:label1\" content=\"Tiempo de lectura\" \/>\n\t<meta name=\"twitter:data1\" content=\"2 minutos\" \/>\n<script type=\"application\/ld+json\" class=\"yoast-schema-graph\">{\"@context\":\"https:\\\/\\\/schema.org\",\"@graph\":[{\"@type\":\"WebPage\",\"@id\":\"https:\\\/\\\/molmasa.es\\\/?page_id=2735\",\"url\":\"https:\\\/\\\/molmasa.es\\\/?page_id=2735\",\"name\":\"twin cool - Molmasa\",\"isPartOf\":{\"@id\":\"https:\\\/\\\/molmasa.es\\\/#website\"},\"datePublished\":\"2021-06-03T14:43:19+00:00\",\"dateModified\":\"2025-07-28T18:37:00+00:00\",\"breadcrumb\":{\"@id\":\"https:\\\/\\\/molmasa.es\\\/?page_id=2735#breadcrumb\"},\"inLanguage\":\"es\",\"potentialAction\":[{\"@type\":\"ReadAction\",\"target\":[\"https:\\\/\\\/molmasa.es\\\/?page_id=2735\"]}]},{\"@type\":\"BreadcrumbList\",\"@id\":\"https:\\\/\\\/molmasa.es\\\/?page_id=2735#breadcrumb\",\"itemListElement\":[{\"@type\":\"ListItem\",\"position\":1,\"name\":\"Portada\",\"item\":\"https:\\\/\\\/molmasa.es\\\/?lang=en\"},{\"@type\":\"ListItem\",\"position\":2,\"name\":\"twin cool\"}]},{\"@type\":\"WebSite\",\"@id\":\"https:\\\/\\\/molmasa.es\\\/#website\",\"url\":\"https:\\\/\\\/molmasa.es\\\/\",\"name\":\"Molmasa\",\"description\":\"\",\"publisher\":{\"@id\":\"https:\\\/\\\/molmasa.es\\\/#organization\"},\"potentialAction\":[{\"@type\":\"SearchAction\",\"target\":{\"@type\":\"EntryPoint\",\"urlTemplate\":\"https:\\\/\\\/molmasa.es\\\/?s={search_term_string}\"},\"query-input\":{\"@type\":\"PropertyValueSpecification\",\"valueRequired\":true,\"valueName\":\"search_term_string\"}}],\"inLanguage\":\"es\"},{\"@type\":\"Organization\",\"@id\":\"https:\\\/\\\/molmasa.es\\\/#organization\",\"name\":\"Molmasa\",\"url\":\"https:\\\/\\\/molmasa.es\\\/\",\"logo\":{\"@type\":\"ImageObject\",\"inLanguage\":\"es\",\"@id\":\"https:\\\/\\\/molmasa.es\\\/#\\\/schema\\\/logo\\\/image\\\/\",\"url\":\"https:\\\/\\\/molmasa.es\\\/wp-content\\\/uploads\\\/2021\\\/09\\\/logo_molmasa_2.png\",\"contentUrl\":\"https:\\\/\\\/molmasa.es\\\/wp-content\\\/uploads\\\/2021\\\/09\\\/logo_molmasa_2.png\",\"width\":229,\"height\":89,\"caption\":\"Molmasa\"},\"image\":{\"@id\":\"https:\\\/\\\/molmasa.es\\\/#\\\/schema\\\/logo\\\/image\\\/\"}}]}<\/script>\n<!-- \/ Yoast SEO plugin. -->","yoast_head_json":{"title":"twin cool - Molmasa","robots":{"index":"index","follow":"follow","max-snippet":"max-snippet:-1","max-image-preview":"max-image-preview:large","max-video-preview":"max-video-preview:-1"},"canonical":"https:\/\/molmasa.es\/?page_id=2735","og_locale":"es_ES","og_type":"article","og_title":"twin cool - Molmasa","og_description":"[vc_row full_width=&#8221;stretch_row&#8221; content_placement=&#8221;middle&#8221; parallax=&#8221;content-moving&#8221; parallax_image=&#8221;3094&#8243; css=&#8221;.vc_custom_1630501449262{padding-top: 100px !important;padding-bottom: 100px !important;}&#8221;][vc_column][\/vc_column][\/vc_row][vc_row][vc_column][\/vc_column][\/vc_row][vc_row][vc_column width=&#8221;1\/2&#8243;][\/vc_column][vc_column width=&#8221;1\/2&#8243;][vc_separator css=&#8221;.vc_custom_1630422267842{margin-top: 30px !important;margin-bottom: 30px !important;}&#8221;][vc_column_text]A partir de nuestra trayectoria y experiencia en el desarrollo y producci\u00f3n de preformas con compromiso de alta calidad, en molmasa desarrollamos y patentamos&hellip;","og_url":"https:\/\/molmasa.es\/?page_id=2735","og_site_name":"Molmasa","article_modified_time":"2025-07-28T18:37:00+00:00","twitter_card":"summary_large_image","twitter_misc":{"Tiempo de lectura":"2 minutos"},"schema":{"@context":"https:\/\/schema.org","@graph":[{"@type":"WebPage","@id":"https:\/\/molmasa.es\/?page_id=2735","url":"https:\/\/molmasa.es\/?page_id=2735","name":"twin cool - Molmasa","isPartOf":{"@id":"https:\/\/molmasa.es\/#website"},"datePublished":"2021-06-03T14:43:19+00:00","dateModified":"2025-07-28T18:37:00+00:00","breadcrumb":{"@id":"https:\/\/molmasa.es\/?page_id=2735#breadcrumb"},"inLanguage":"es","potentialAction":[{"@type":"ReadAction","target":["https:\/\/molmasa.es\/?page_id=2735"]}]},{"@type":"BreadcrumbList","@id":"https:\/\/molmasa.es\/?page_id=2735#breadcrumb","itemListElement":[{"@type":"ListItem","position":1,"name":"Portada","item":"https:\/\/molmasa.es\/?lang=en"},{"@type":"ListItem","position":2,"name":"twin cool"}]},{"@type":"WebSite","@id":"https:\/\/molmasa.es\/#website","url":"https:\/\/molmasa.es\/","name":"Molmasa","description":"","publisher":{"@id":"https:\/\/molmasa.es\/#organization"},"potentialAction":[{"@type":"SearchAction","target":{"@type":"EntryPoint","urlTemplate":"https:\/\/molmasa.es\/?s={search_term_string}"},"query-input":{"@type":"PropertyValueSpecification","valueRequired":true,"valueName":"search_term_string"}}],"inLanguage":"es"},{"@type":"Organization","@id":"https:\/\/molmasa.es\/#organization","name":"Molmasa","url":"https:\/\/molmasa.es\/","logo":{"@type":"ImageObject","inLanguage":"es","@id":"https:\/\/molmasa.es\/#\/schema\/logo\/image\/","url":"https:\/\/molmasa.es\/wp-content\/uploads\/2021\/09\/logo_molmasa_2.png","contentUrl":"https:\/\/molmasa.es\/wp-content\/uploads\/2021\/09\/logo_molmasa_2.png","width":229,"height":89,"caption":"Molmasa"},"image":{"@id":"https:\/\/molmasa.es\/#\/schema\/logo\/image\/"}}]}},"lang":"es","translations":{"es":2735,"en":3390},"pll_sync_post":[],"_links":{"self":[{"href":"https:\/\/molmasa.es\/index.php?rest_route=\/wp\/v2\/pages\/2735","targetHints":{"allow":["GET"]}}],"collection":[{"href":"https:\/\/molmasa.es\/index.php?rest_route=\/wp\/v2\/pages"}],"about":[{"href":"https:\/\/molmasa.es\/index.php?rest_route=\/wp\/v2\/types\/page"}],"author":[{"embeddable":true,"href":"https:\/\/molmasa.es\/index.php?rest_route=\/wp\/v2\/users\/1"}],"replies":[{"embeddable":true,"href":"https:\/\/molmasa.es\/index.php?rest_route=%2Fwp%2Fv2%2Fcomments&post=2735"}],"version-history":[{"count":33,"href":"https:\/\/molmasa.es\/index.php?rest_route=\/wp\/v2\/pages\/2735\/revisions"}],"predecessor-version":[{"id":6522,"href":"https:\/\/molmasa.es\/index.php?rest_route=\/wp\/v2\/pages\/2735\/revisions\/6522"}],"wp:attachment":[{"href":"https:\/\/molmasa.es\/index.php?rest_route=%2Fwp%2Fv2%2Fmedia&parent=2735"}],"curies":[{"name":"wp","href":"https:\/\/api.w.org\/{rel}","templated":true}]}}