{"id":2733,"date":"2021-06-03T14:43:12","date_gmt":"2021-06-03T14:43:12","guid":{"rendered":"https:\/\/molmasa.es\/?page_id=2733"},"modified":"2025-07-28T18:34:38","modified_gmt":"2025-07-28T18:34:38","slug":"prelactia-2","status":"publish","type":"page","link":"https:\/\/molmasa.es\/?page_id=2733","title":{"rendered":"PRElactia"},"content":{"rendered":"[vc_row full_width=&#8221;stretch_row&#8221; content_placement=&#8221;middle&#8221; parallax=&#8221;content-moving&#8221; parallax_image=&#8221;3094&#8243; css=&#8221;.vc_custom_1630501432879{padding-top: 100px !important;padding-bottom: 100px !important;}&#8221;][vc_column]<h1 class=\"vcex-heading vcex-module wpex-text-2xl wpex-font-normal wpex-m-auto wpex-max-w-100 vcex-heading-plain wpex-block wpex-text-center  wpb_animate_when_almost_visible wpb_fadeIn fadeIn\" style=\"color:#ffffff;font-size:3em;text-transform:uppercase;\"><span class=\"vcex-heading-inner wpex-inline-block wpex-clr\">APLICACIONES ESPECIALES \/ INNOVACI\u00d3N<\/span><\/h1>[\/vc_column][\/vc_row][vc_row][vc_column]<div class=\"vcex-spacing wpex-w-100 wpex-clear\" style=\"height:30px\"><\/div>[\/vc_column][\/vc_row][vc_row][vc_column width=&#8221;1\/2&#8243;][vc_single_image image=&#8221;3294&#8243; css_animation=&#8221;fadeIn&#8221;][\/vc_column][vc_column width=&#8221;1\/2&#8243;]<h3 class=\"vcex-heading vcex-module wpex-text-2xl wpex-font-normal wpex-m-auto wpex-max-w-100 vcex-heading-plain wpex-block\" style=\"text-transform:uppercase;\"><span class=\"vcex-heading-inner wpex-inline-block wpex-clr\">PRElactia<\/span><\/h3>[vc_separator css=&#8221;.vc_custom_1630422205667{margin-top: 30px !important;margin-bottom: 30px !important;}&#8221;][vc_column_text]<span style=\"font-weight: 400;\">En molmasa estamos especialmente orgullosos de Prelactia por ser<\/span><b> econ\u00f3mica, fiable y reproducible<\/b><span style=\"font-weight: 400;\">. Hemos conseguido un muy significativo ahorro de material gracias a nuestro optimizado proceso de sobremoldeo de preformas para leche UHT y productos que requieren una barrera de luz en su envase.<\/span><\/p>\n<p><span style=\"font-weight: 400;\">Desarrollamos y patentamos este sistema de sobremoldeo lineal de preformas barrera a UV en colaboraci\u00f3n con uno de nuestros partners (Netstal) que dise\u00f1\u00f3 la maquinaria adecuada.\u00a0<\/span><\/p>\n<p><span style=\"font-weight: 400;\">Desde su introducci\u00f3n, PRELactia\u00ae ha experimentado un desarrollo continuo. La composici\u00f3n de materias primas y aditivos se optimiz\u00f3 a\u00fan m\u00e1s para mejorar la luz barrera. As\u00ed, el peso de la preforma de 28 gr. seleccionado en la fase de introducci\u00f3n de un embotellador de PET de 1 litro se redujo con \u00e9xito a s\u00f3lo 24 gr. sin restar valor a la barrera de luz.<\/span>[\/vc_column_text][vc_empty_space][vc_video link=&#8221;https:\/\/youtu.be\/02-11wXb9i4&#8243;][\/vc_column][\/vc_row][vc_row full_width=&#8221;stretch_row_content_no_spaces&#8221;][vc_column]<div class=\"vcex-spacing wpex-w-100 wpex-clear\" style=\"height:60px\"><\/div>[vc_separator][\/vc_column][\/vc_row][vc_row][vc_column]<div class=\"vcex-spacing wpex-w-100 wpex-clear\" style=\"height:40px\"><\/div><h2 class=\"vcex-heading vcex-module wpex-text-2xl wpex-font-normal wpex-m-auto wpex-max-w-100 vcex-heading-plain wpex-block wpex-text-center\" style=\"font-weight:700;\"><span class=\"vcex-heading-inner wpex-inline-block wpex-clr\">Aplicaciones especiales e innovaci\u00f3n<\/span><\/h2>[\/vc_column][\/vc_row][vc_row][vc_column width=&#8221;1\/2&#8243;]<div class=\"wpb_animate_when_almost_visible wpb_fadeIn fadeIn\"><div class=\"vcex-width--icon_box wpex-max-w-100 wpex-m-auto\" style=\"width:80%;\"><div class=\"vcex-module vcex-icon-box vcex-icon-box-two wpex-relative wpex-text-center hvr hvr-grow\"><div class=\"vcex-icon-box-symbol wpex-mb-20\"><a href=\"https:\/\/molmasa.es\/?page_id=2735\" class=\"wpex-no-underline\"><img decoding=\"async\" loading=\"lazy\" class=\"vcex-icon-box-image wpex-align-middle\" src=\"https:\/\/molmasa.es\/wp-content\/uploads\/2021\/09\/43_1.jpg\" alt=\"\" width=\"1200\" height=\"800\" \/><\/a><\/div><div class=\"vcex-icon-box-text\"><a href=\"https:\/\/molmasa.es\/?page_id=2735\" class=\"vcex-icon-box-link wpex-no-underline\"><h2 class=\"vcex-icon-box-heading wpex-heading wpex-text-md wpex-mb-10\" style=\"color:#026cb5;font-size:18px;\">twin cool<\/h2><\/a><div class=\"vcex-icon-box-content wpex-last-mb-0 wpex-clr\"><p>Se trata de un sistema de producci\u00f3n de preformas compacto, productivo y flexible.<\/p>\n<\/div><\/div><\/div><\/div><\/div>[\/vc_column][vc_column width=&#8221;1\/2&#8243;]<div class=\"wpb_animate_when_almost_visible wpb_fadeIn fadeIn\"><div class=\"vcex-width--icon_box wpex-max-w-100 wpex-m-auto\" style=\"width:80%;\"><div class=\"vcex-module vcex-icon-box vcex-icon-box-two wpex-relative wpex-text-center hvr hvr-grow\"><div class=\"vcex-icon-box-symbol wpex-mb-20\"><a href=\"https:\/\/molmasa.es\/?page_id=2737\" class=\"wpex-no-underline\"><img decoding=\"async\" loading=\"lazy\" class=\"vcex-icon-box-image wpex-align-middle\" src=\"https:\/\/molmasa.es\/wp-content\/uploads\/2021\/09\/44_0.jpg\" alt=\"\" width=\"1600\" height=\"900\" \/><\/a><\/div><div class=\"vcex-icon-box-text\"><a href=\"https:\/\/molmasa.es\/?page_id=2737\" class=\"vcex-icon-box-link wpex-no-underline\"><h2 class=\"vcex-icon-box-heading wpex-heading wpex-text-md wpex-mb-10\" style=\"color:#026cb5;font-size:18px;\">Equipos llave en mano<\/h2><\/a><div class=\"vcex-icon-box-content wpex-last-mb-0 wpex-clr\"><p>En molmasa sabemos que muchos de nuestros clientes necesitan un proyecto a medida e integral, que d\u00e9 respuesta a todas las fases del proceso productivo.<\/p>\n<\/div><\/div><\/div><\/div><\/div>[\/vc_column][\/vc_row]\n","protected":false},"excerpt":{"rendered":"<p>[vc_row full_width=&#8221;stretch_row&#8221; content_placement=&#8221;middle&#8221; parallax=&#8221;content-moving&#8221; parallax_image=&#8221;3094&#8243; css=&#8221;.vc_custom_1630501432879{padding-top: 100px !important;padding-bottom: 100px !important;}&#8221;][vc_column][\/vc_column][\/vc_row][vc_row][vc_column][\/vc_column][\/vc_row][vc_row][vc_column width=&#8221;1\/2&#8243;][vc_single_image image=&#8221;3294&#8243; css_animation=&#8221;fadeIn&#8221;][\/vc_column][vc_column width=&#8221;1\/2&#8243;][vc_separator css=&#8221;.vc_custom_1630422205667{margin-top: 30px !important;margin-bottom: 30px !important;}&#8221;][vc_column_text]En molmasa estamos especialmente orgullosos de Prelactia por ser econ\u00f3mica, fiable y reproducible. Hemos conseguido un muy significativo ahorro de material gracias&hellip;<\/p>\n","protected":false},"author":1,"featured_media":0,"parent":0,"menu_order":0,"comment_status":"closed","ping_status":"closed","template":"templates\/no-sidebar.php","meta":{"footnotes":""},"class_list":["post-2733","page","type-page","status-publish","hentry","entry","no-media"],"yoast_head":"<!-- This site is optimized with the Yoast SEO plugin v27.4 - https:\/\/yoast.com\/product\/yoast-seo-wordpress\/ -->\n<title>PRElactia - Molmasa<\/title>\n<meta name=\"description\" content=\"Descubre PRElactia: sobremoldeo de preformas para productos que requieren una barrera de luz en su envase. Econ\u00f3mico, lineal y reporducible.\" \/>\n<meta name=\"robots\" content=\"index, follow, max-snippet:-1, max-image-preview:large, max-video-preview:-1\" \/>\n<link rel=\"canonical\" href=\"https:\/\/molmasa.es\/?page_id=2733\" \/>\n<meta property=\"og:locale\" content=\"es_ES\" \/>\n<meta property=\"og:type\" content=\"article\" \/>\n<meta property=\"og:title\" content=\"PRElactia - Molmasa\" \/>\n<meta property=\"og:description\" content=\"Descubre PRElactia: sobremoldeo de preformas para productos que requieren una barrera de luz en su envase. Econ\u00f3mico, lineal y reporducible.\" \/>\n<meta property=\"og:url\" content=\"https:\/\/molmasa.es\/?page_id=2733\" \/>\n<meta property=\"og:site_name\" content=\"Molmasa\" \/>\n<meta property=\"article:modified_time\" content=\"2025-07-28T18:34:38+00:00\" \/>\n<meta name=\"twitter:card\" content=\"summary_large_image\" \/>\n<meta name=\"twitter:label1\" content=\"Tiempo de lectura\" \/>\n\t<meta name=\"twitter:data1\" content=\"2 minutos\" \/>\n<script type=\"application\/ld+json\" class=\"yoast-schema-graph\">{\"@context\":\"https:\\\/\\\/schema.org\",\"@graph\":[{\"@type\":\"WebPage\",\"@id\":\"https:\\\/\\\/molmasa.es\\\/?page_id=2733\",\"url\":\"https:\\\/\\\/molmasa.es\\\/?page_id=2733\",\"name\":\"PRElactia - Molmasa\",\"isPartOf\":{\"@id\":\"https:\\\/\\\/molmasa.es\\\/#website\"},\"datePublished\":\"2021-06-03T14:43:12+00:00\",\"dateModified\":\"2025-07-28T18:34:38+00:00\",\"description\":\"Descubre PRElactia: sobremoldeo de preformas para productos que requieren una barrera de luz en su envase. Econ\u00f3mico, lineal y reporducible.\",\"breadcrumb\":{\"@id\":\"https:\\\/\\\/molmasa.es\\\/?page_id=2733#breadcrumb\"},\"inLanguage\":\"es\",\"potentialAction\":[{\"@type\":\"ReadAction\",\"target\":[\"https:\\\/\\\/molmasa.es\\\/?page_id=2733\"]}]},{\"@type\":\"BreadcrumbList\",\"@id\":\"https:\\\/\\\/molmasa.es\\\/?page_id=2733#breadcrumb\",\"itemListElement\":[{\"@type\":\"ListItem\",\"position\":1,\"name\":\"Portada\",\"item\":\"https:\\\/\\\/molmasa.es\\\/?lang=en\"},{\"@type\":\"ListItem\",\"position\":2,\"name\":\"PRElactia\"}]},{\"@type\":\"WebSite\",\"@id\":\"https:\\\/\\\/molmasa.es\\\/#website\",\"url\":\"https:\\\/\\\/molmasa.es\\\/\",\"name\":\"Molmasa\",\"description\":\"\",\"publisher\":{\"@id\":\"https:\\\/\\\/molmasa.es\\\/#organization\"},\"potentialAction\":[{\"@type\":\"SearchAction\",\"target\":{\"@type\":\"EntryPoint\",\"urlTemplate\":\"https:\\\/\\\/molmasa.es\\\/?s={search_term_string}\"},\"query-input\":{\"@type\":\"PropertyValueSpecification\",\"valueRequired\":true,\"valueName\":\"search_term_string\"}}],\"inLanguage\":\"es\"},{\"@type\":\"Organization\",\"@id\":\"https:\\\/\\\/molmasa.es\\\/#organization\",\"name\":\"Molmasa\",\"url\":\"https:\\\/\\\/molmasa.es\\\/\",\"logo\":{\"@type\":\"ImageObject\",\"inLanguage\":\"es\",\"@id\":\"https:\\\/\\\/molmasa.es\\\/#\\\/schema\\\/logo\\\/image\\\/\",\"url\":\"https:\\\/\\\/molmasa.es\\\/wp-content\\\/uploads\\\/2021\\\/09\\\/logo_molmasa_2.png\",\"contentUrl\":\"https:\\\/\\\/molmasa.es\\\/wp-content\\\/uploads\\\/2021\\\/09\\\/logo_molmasa_2.png\",\"width\":229,\"height\":89,\"caption\":\"Molmasa\"},\"image\":{\"@id\":\"https:\\\/\\\/molmasa.es\\\/#\\\/schema\\\/logo\\\/image\\\/\"}}]}<\/script>\n<!-- \/ Yoast SEO plugin. -->","yoast_head_json":{"title":"PRElactia - Molmasa","description":"Descubre PRElactia: sobremoldeo de preformas para productos que requieren una barrera de luz en su envase. Econ\u00f3mico, lineal y reporducible.","robots":{"index":"index","follow":"follow","max-snippet":"max-snippet:-1","max-image-preview":"max-image-preview:large","max-video-preview":"max-video-preview:-1"},"canonical":"https:\/\/molmasa.es\/?page_id=2733","og_locale":"es_ES","og_type":"article","og_title":"PRElactia - Molmasa","og_description":"Descubre PRElactia: sobremoldeo de preformas para productos que requieren una barrera de luz en su envase. Econ\u00f3mico, lineal y reporducible.","og_url":"https:\/\/molmasa.es\/?page_id=2733","og_site_name":"Molmasa","article_modified_time":"2025-07-28T18:34:38+00:00","twitter_card":"summary_large_image","twitter_misc":{"Tiempo de lectura":"2 minutos"},"schema":{"@context":"https:\/\/schema.org","@graph":[{"@type":"WebPage","@id":"https:\/\/molmasa.es\/?page_id=2733","url":"https:\/\/molmasa.es\/?page_id=2733","name":"PRElactia - Molmasa","isPartOf":{"@id":"https:\/\/molmasa.es\/#website"},"datePublished":"2021-06-03T14:43:12+00:00","dateModified":"2025-07-28T18:34:38+00:00","description":"Descubre PRElactia: sobremoldeo de preformas para productos que requieren una barrera de luz en su envase. Econ\u00f3mico, lineal y reporducible.","breadcrumb":{"@id":"https:\/\/molmasa.es\/?page_id=2733#breadcrumb"},"inLanguage":"es","potentialAction":[{"@type":"ReadAction","target":["https:\/\/molmasa.es\/?page_id=2733"]}]},{"@type":"BreadcrumbList","@id":"https:\/\/molmasa.es\/?page_id=2733#breadcrumb","itemListElement":[{"@type":"ListItem","position":1,"name":"Portada","item":"https:\/\/molmasa.es\/?lang=en"},{"@type":"ListItem","position":2,"name":"PRElactia"}]},{"@type":"WebSite","@id":"https:\/\/molmasa.es\/#website","url":"https:\/\/molmasa.es\/","name":"Molmasa","description":"","publisher":{"@id":"https:\/\/molmasa.es\/#organization"},"potentialAction":[{"@type":"SearchAction","target":{"@type":"EntryPoint","urlTemplate":"https:\/\/molmasa.es\/?s={search_term_string}"},"query-input":{"@type":"PropertyValueSpecification","valueRequired":true,"valueName":"search_term_string"}}],"inLanguage":"es"},{"@type":"Organization","@id":"https:\/\/molmasa.es\/#organization","name":"Molmasa","url":"https:\/\/molmasa.es\/","logo":{"@type":"ImageObject","inLanguage":"es","@id":"https:\/\/molmasa.es\/#\/schema\/logo\/image\/","url":"https:\/\/molmasa.es\/wp-content\/uploads\/2021\/09\/logo_molmasa_2.png","contentUrl":"https:\/\/molmasa.es\/wp-content\/uploads\/2021\/09\/logo_molmasa_2.png","width":229,"height":89,"caption":"Molmasa"},"image":{"@id":"https:\/\/molmasa.es\/#\/schema\/logo\/image\/"}}]}},"lang":"es","translations":{"es":2733,"en":3388},"pll_sync_post":[],"_links":{"self":[{"href":"https:\/\/molmasa.es\/index.php?rest_route=\/wp\/v2\/pages\/2733","targetHints":{"allow":["GET"]}}],"collection":[{"href":"https:\/\/molmasa.es\/index.php?rest_route=\/wp\/v2\/pages"}],"about":[{"href":"https:\/\/molmasa.es\/index.php?rest_route=\/wp\/v2\/types\/page"}],"author":[{"embeddable":true,"href":"https:\/\/molmasa.es\/index.php?rest_route=\/wp\/v2\/users\/1"}],"replies":[{"embeddable":true,"href":"https:\/\/molmasa.es\/index.php?rest_route=%2Fwp%2Fv2%2Fcomments&post=2733"}],"version-history":[{"count":30,"href":"https:\/\/molmasa.es\/index.php?rest_route=\/wp\/v2\/pages\/2733\/revisions"}],"predecessor-version":[{"id":6521,"href":"https:\/\/molmasa.es\/index.php?rest_route=\/wp\/v2\/pages\/2733\/revisions\/6521"}],"wp:attachment":[{"href":"https:\/\/molmasa.es\/index.php?rest_route=%2Fwp%2Fv2%2Fmedia&parent=2733"}],"curies":[{"name":"wp","href":"https:\/\/api.w.org\/{rel}","templated":true}]}}