{"id":2723,"date":"2021-06-03T14:41:43","date_gmt":"2021-06-03T14:41:43","guid":{"rendered":"https:\/\/molmasa.es\/?page_id=2723"},"modified":"2025-07-28T18:16:29","modified_gmt":"2025-07-28T18:16:29","slug":"ingenieria-de-concepto","status":"publish","type":"page","link":"https:\/\/molmasa.es\/?page_id=2723","title":{"rendered":"Ingenieria de concepto"},"content":{"rendered":"[vc_row full_width=&#8221;stretch_row&#8221; content_placement=&#8221;middle&#8221; parallax=&#8221;content-moving&#8221; parallax_image=&#8221;3078&#8243; css=&#8221;.vc_custom_1630499628444{padding-top: 100px !important;padding-bottom: 100px !important;}&#8221;][vc_column]<h1 class=\"vcex-heading vcex-module wpex-text-2xl wpex-font-normal wpex-m-auto wpex-max-w-100 vcex-heading-plain wpex-block wpex-text-center  wpb_animate_when_almost_visible wpb_fadeIn fadeIn\" style=\"color:#ffffff;font-size:3em;text-transform:uppercase;\"><span class=\"vcex-heading-inner wpex-inline-block wpex-clr\">PRODUCTO<\/span><\/h1>[\/vc_column][\/vc_row][vc_row][vc_column]<div class=\"vcex-spacing wpex-w-100 wpex-clear\" style=\"height:30px\"><\/div>[\/vc_column][\/vc_row][vc_row][vc_column width=&#8221;1\/2&#8243;]<div class=\"vcex-heading vcex-module wpex-text-2xl wpex-font-normal wpex-m-auto wpex-max-w-100 vcex-heading-plain wpex-block\" style=\"text-transform:uppercase;\"><span class=\"vcex-heading-inner wpex-inline-block wpex-clr\">Ingenieria de concepto<\/span><\/div>[vc_separator css=&#8221;.vc_custom_1630421111704{margin-top: 30px !important;margin-bottom: 30px !important;}&#8221;][vc_column_text]<span style=\"font-weight: 400;\">En molmasa identificamos y <strong>aseguramos la viabilidad tanto t\u00e9cnica como econ\u00f3mica del proyecto<\/strong> fijando un mapa de ruta de proyecto que marca la pauta para el desarrollo de la ingenier\u00eda b\u00e1sica y la ingenier\u00eda de detalle.<\/span><\/p>\n<p><span style=\"font-weight: 400;\">Tras un estudio previo determinamos los requerimientos del proyecto para, a continuaci\u00f3n, recopilar los principales puntos a analizar y estudiar en esta primera fase de ingenier\u00eda:<\/span><\/p>\n<ul>\n<li style=\"font-weight: 400;\" aria-level=\"1\"><span style=\"font-weight: 400;\">Los productos y la capacidad de producci\u00f3n.<\/span><\/li>\n<li style=\"font-weight: 400;\" aria-level=\"1\"><span style=\"font-weight: 400;\">La normativa y regulaci\u00f3n requerida.<\/span><\/li>\n<li style=\"font-weight: 400;\" aria-level=\"1\"><span style=\"font-weight: 400;\">La descripci\u00f3n del proceso de fabricaci\u00f3n y los requerimientos del cliente.<\/span><\/li>\n<li style=\"font-weight: 400;\" aria-level=\"1\"><span style=\"font-weight: 400;\">La descripci\u00f3n general del molde.<\/span><\/li>\n<\/ul>\n[\/vc_column_text][\/vc_column][vc_column width=&#8221;1\/2&#8243;]<div class=\"wpex-slider-preloaderimg\"><img loading=\"lazy\" decoding=\"async\" data-no-lazy=\"1\" class=\"skip-lazy\" src=\"https:\/\/molmasa.es\/wp-content\/uploads\/2021\/09\/31_0.jpg\" alt=\"\" width=\"1500\" height=\"1443\" \/><\/div><div class=\"vcex-module wpex-slider slider-pro vcex-image-slider wpex-clr\" data-auto-play-delay=\"5000\" data-fade-arrows=\"false\" data-thumbnails=\"true\" data-animation-speed=\"150\" data-height-animation-duration=\"500\" data-thumbnail-height=\"150\" data-thumbnail-width=\"150\"><div class=\"wpex-slider-slides sp-slides\"><div class=\"wpex-slider-slide sp-slide\"><div class=\"wpex-slider-media\"><img loading=\"lazy\" decoding=\"async\" data-no-lazy=\"1\" class=\"skip-lazy\" src=\"https:\/\/molmasa.es\/wp-content\/uploads\/2021\/09\/31_0.jpg\" alt=\"\" width=\"1500\" height=\"1443\" \/><\/div><\/div><div class=\"wpex-slider-slide sp-slide\"><div class=\"wpex-slider-media\"><img loading=\"lazy\" decoding=\"async\" data-no-lazy=\"1\" class=\"skip-lazy\" src=\"https:\/\/molmasa.es\/wp-content\/uploads\/2021\/09\/31_1.jpg\" alt=\"\" width=\"1000\" height=\"1500\" \/><\/div><\/div><div class=\"wpex-slider-slide sp-slide\"><div class=\"wpex-slider-media\"><img loading=\"lazy\" decoding=\"async\" data-no-lazy=\"1\" class=\"skip-lazy\" src=\"https:\/\/molmasa.es\/wp-content\/uploads\/2021\/09\/31_2.jpg\" alt=\"\" width=\"1500\" height=\"844\" \/><\/div><\/div><div class=\"wpex-slider-slide sp-slide\"><div class=\"wpex-slider-media\"><img loading=\"lazy\" decoding=\"async\" data-no-lazy=\"1\" class=\"skip-lazy\" src=\"https:\/\/molmasa.es\/wp-content\/uploads\/2021\/09\/31_3.jpg\" alt=\"\" width=\"1024\" height=\"682\" \/><\/div><\/div><div class=\"wpex-slider-slide sp-slide\"><div class=\"wpex-slider-media\"><img loading=\"lazy\" decoding=\"async\" data-no-lazy=\"1\" class=\"skip-lazy\" src=\"https:\/\/molmasa.es\/wp-content\/uploads\/2021\/09\/31_4.jpg\" alt=\"\" width=\"1500\" height=\"1000\" \/><\/div><\/div><\/div><div class=\"wpex-slider-thumbnails sp-thumbnails\"><img loading=\"lazy\" decoding=\"async\" data-no-lazy=\"1\" class=\"wpex-slider-thumbnail sp-thumbnail skip-lazy\" src=\"https:\/\/molmasa.es\/wp-content\/uploads\/2021\/09\/31_0.jpg\" alt=\"\" width=\"1500\" height=\"1443\" \/><img loading=\"lazy\" decoding=\"async\" data-no-lazy=\"1\" class=\"wpex-slider-thumbnail sp-thumbnail skip-lazy\" src=\"https:\/\/molmasa.es\/wp-content\/uploads\/2021\/09\/31_1.jpg\" alt=\"\" width=\"1000\" height=\"1500\" \/><img loading=\"lazy\" decoding=\"async\" data-no-lazy=\"1\" class=\"wpex-slider-thumbnail sp-thumbnail skip-lazy\" src=\"https:\/\/molmasa.es\/wp-content\/uploads\/2021\/09\/31_2.jpg\" alt=\"\" width=\"1500\" height=\"844\" \/><img loading=\"lazy\" decoding=\"async\" data-no-lazy=\"1\" class=\"wpex-slider-thumbnail sp-thumbnail skip-lazy\" src=\"https:\/\/molmasa.es\/wp-content\/uploads\/2021\/09\/31_3.jpg\" alt=\"\" width=\"1024\" height=\"682\" \/><img loading=\"lazy\" decoding=\"async\" data-no-lazy=\"1\" class=\"wpex-slider-thumbnail sp-thumbnail skip-lazy\" src=\"https:\/\/molmasa.es\/wp-content\/uploads\/2021\/09\/31_4.jpg\" alt=\"\" width=\"1500\" height=\"1000\" \/><\/div><\/div>[\/vc_column][\/vc_row][vc_row full_width=&#8221;stretch_row_content_no_spaces&#8221;][vc_column]<div class=\"vcex-spacing wpex-w-100 wpex-clear\" style=\"height:40px\"><\/div>[vc_separator][\/vc_column][\/vc_row][vc_row][vc_column]<div class=\"vcex-spacing wpex-w-100 wpex-clear\" style=\"height:40px\"><\/div><h2 class=\"vcex-heading vcex-module wpex-text-2xl wpex-font-normal wpex-m-auto wpex-max-w-100 vcex-heading-plain wpex-block wpex-text-center\" style=\"font-weight:700;\"><span class=\"vcex-heading-inner wpex-inline-block wpex-clr\">Servicios relacionados<\/span><\/h2>[\/vc_column][\/vc_row][vc_row][vc_column width=&#8221;1\/2&#8243;]<div class=\"wpb_animate_when_almost_visible wpb_fadeIn fadeIn\"><div class=\"vcex-width--icon_box wpex-max-w-100 wpex-m-auto\" style=\"width:80%;\"><div class=\"vcex-module vcex-icon-box vcex-icon-box-two wpex-relative wpex-text-center hvr hvr-grow\"><div class=\"vcex-icon-box-symbol wpex-mb-20\"><a href=\"https:\/\/molmasa.es\/?page_id=2725\" class=\"wpex-no-underline\"><img decoding=\"async\" loading=\"lazy\" class=\"vcex-icon-box-image wpex-align-middle\" src=\"https:\/\/molmasa.es\/wp-content\/uploads\/2021\/09\/32_4.jpg\" alt=\"\" width=\"1500\" height=\"1000\" \/><\/a><\/div><div class=\"vcex-icon-box-text\"><a href=\"https:\/\/molmasa.es\/?page_id=2725\" class=\"vcex-icon-box-link wpex-no-underline\"><h2 class=\"vcex-icon-box-heading wpex-heading wpex-text-md wpex-mb-10\" style=\"color:#026cb5;font-size:18px;\">Packaging<\/h2><\/a><div class=\"vcex-icon-box-content wpex-last-mb-0 wpex-clr\"><p><span style=\"font-weight: 400\">La protecci\u00f3n del producto en la industria de la alimentaci\u00f3n, farmacolog\u00eda, etc. es esencial para garantizar que llegue en perfectas condiciones al consumidor final. En molmasa disponemos de los profesionales, equipos y maquinaria de fabricaci\u00f3n propia necesarios para dise\u00f1ar <strong>la mejor soluci\u00f3n a medida de las caracter\u00edsticas del producto<\/strong>.<\/span><\/p>\n<\/div><\/div><\/div><\/div><\/div>[\/vc_column][vc_column width=&#8221;1\/2&#8243;]<div class=\"wpb_animate_when_almost_visible wpb_fadeIn fadeIn\"><div class=\"vcex-width--icon_box wpex-max-w-100 wpex-m-auto\" style=\"width:80%;\"><div class=\"vcex-module vcex-icon-box vcex-icon-box-two wpex-relative wpex-text-center hvr hvr-grow\"><div class=\"vcex-icon-box-symbol wpex-mb-20\"><a href=\"https:\/\/molmasa.es\/?page_id=2727\" class=\"wpex-no-underline\"><img decoding=\"async\" loading=\"lazy\" class=\"vcex-icon-box-image wpex-align-middle\" src=\"https:\/\/molmasa.es\/wp-content\/uploads\/2021\/09\/33_0.jpg\" alt=\"\" width=\"800\" height=\"600\" \/><\/a><\/div><div class=\"vcex-icon-box-text\"><a href=\"https:\/\/molmasa.es\/?page_id=2727\" class=\"vcex-icon-box-link wpex-no-underline\"><h2 class=\"vcex-icon-box-heading wpex-heading wpex-text-md wpex-mb-10\" style=\"color:#026cb5;font-size:18px;\">Pharma<\/h2><\/a><div class=\"vcex-icon-box-content wpex-last-mb-0 wpex-clr\"><p><span style=\"font-weight: 400\">Sabemos que los envases para productos farmac\u00e9uticos est\u00e1n sujetos a una estricta exigencia de calidad, as\u00ed como su proceso de fabricaci\u00f3n y materiales. Nuestro departamento de producci\u00f3n acompa\u00f1a en todo el <strong>proceso de dise\u00f1o para garantizar el estricto cumplimiento de los m\u00e1ximos est\u00e1ndares<\/strong>.<\/span><\/p>\n<\/div><\/div><\/div><\/div><\/div>[\/vc_column][\/vc_row][vc_row][vc_column][\/vc_column][\/vc_row]\n","protected":false},"excerpt":{"rendered":"<p>[vc_row full_width=&#8221;stretch_row&#8221; content_placement=&#8221;middle&#8221; parallax=&#8221;content-moving&#8221; parallax_image=&#8221;3078&#8243; css=&#8221;.vc_custom_1630499628444{padding-top: 100px !important;padding-bottom: 100px !important;}&#8221;][vc_column][\/vc_column][\/vc_row][vc_row][vc_column][\/vc_column][\/vc_row][vc_row][vc_column width=&#8221;1\/2&#8243;][vc_separator css=&#8221;.vc_custom_1630421111704{margin-top: 30px !important;margin-bottom: 30px !important;}&#8221;][vc_column_text]En molmasa identificamos y aseguramos la viabilidad tanto t\u00e9cnica como econ\u00f3mica del proyecto fijando un mapa de ruta de proyecto que marca la pauta para&hellip;<\/p>\n","protected":false},"author":1,"featured_media":0,"parent":0,"menu_order":0,"comment_status":"closed","ping_status":"closed","template":"templates\/no-sidebar.php","meta":{"footnotes":""},"class_list":["post-2723","page","type-page","status-publish","hentry","entry","no-media"],"yoast_head":"<!-- This site is optimized with the Yoast SEO plugin v27.4 - https:\/\/yoast.com\/product\/yoast-seo-wordpress\/ -->\n<title>Ingenieria de concepto - Molmasa<\/title>\n<meta name=\"robots\" content=\"index, follow, max-snippet:-1, max-image-preview:large, max-video-preview:-1\" \/>\n<link rel=\"canonical\" href=\"https:\/\/molmasa.es\/?page_id=2723\" \/>\n<meta property=\"og:locale\" content=\"es_ES\" \/>\n<meta property=\"og:type\" content=\"article\" \/>\n<meta property=\"og:title\" content=\"Ingenieria de concepto - Molmasa\" \/>\n<meta property=\"og:description\" content=\"[vc_row full_width=&#8221;stretch_row&#8221; content_placement=&#8221;middle&#8221; parallax=&#8221;content-moving&#8221; parallax_image=&#8221;3078&#8243; css=&#8221;.vc_custom_1630499628444{padding-top: 100px !important;padding-bottom: 100px !important;}&#8221;][vc_column][\/vc_column][\/vc_row][vc_row][vc_column][\/vc_column][\/vc_row][vc_row][vc_column width=&#8221;1\/2&#8243;][vc_separator css=&#8221;.vc_custom_1630421111704{margin-top: 30px !important;margin-bottom: 30px !important;}&#8221;][vc_column_text]En molmasa identificamos y aseguramos la viabilidad tanto t\u00e9cnica como econ\u00f3mica del proyecto fijando un mapa de ruta de proyecto que marca la pauta para&hellip;\" \/>\n<meta property=\"og:url\" content=\"https:\/\/molmasa.es\/?page_id=2723\" \/>\n<meta property=\"og:site_name\" content=\"Molmasa\" \/>\n<meta property=\"article:modified_time\" content=\"2025-07-28T18:16:29+00:00\" \/>\n<meta name=\"twitter:card\" content=\"summary_large_image\" \/>\n<meta name=\"twitter:label1\" content=\"Tiempo de lectura\" \/>\n\t<meta name=\"twitter:data1\" content=\"2 minutos\" \/>\n<script type=\"application\/ld+json\" class=\"yoast-schema-graph\">{\"@context\":\"https:\\\/\\\/schema.org\",\"@graph\":[{\"@type\":\"WebPage\",\"@id\":\"https:\\\/\\\/molmasa.es\\\/?page_id=2723\",\"url\":\"https:\\\/\\\/molmasa.es\\\/?page_id=2723\",\"name\":\"Ingenieria de concepto - Molmasa\",\"isPartOf\":{\"@id\":\"https:\\\/\\\/molmasa.es\\\/#website\"},\"datePublished\":\"2021-06-03T14:41:43+00:00\",\"dateModified\":\"2025-07-28T18:16:29+00:00\",\"breadcrumb\":{\"@id\":\"https:\\\/\\\/molmasa.es\\\/?page_id=2723#breadcrumb\"},\"inLanguage\":\"es\",\"potentialAction\":[{\"@type\":\"ReadAction\",\"target\":[\"https:\\\/\\\/molmasa.es\\\/?page_id=2723\"]}]},{\"@type\":\"BreadcrumbList\",\"@id\":\"https:\\\/\\\/molmasa.es\\\/?page_id=2723#breadcrumb\",\"itemListElement\":[{\"@type\":\"ListItem\",\"position\":1,\"name\":\"Portada\",\"item\":\"https:\\\/\\\/molmasa.es\\\/?lang=en\"},{\"@type\":\"ListItem\",\"position\":2,\"name\":\"Ingenieria de concepto\"}]},{\"@type\":\"WebSite\",\"@id\":\"https:\\\/\\\/molmasa.es\\\/#website\",\"url\":\"https:\\\/\\\/molmasa.es\\\/\",\"name\":\"Molmasa\",\"description\":\"\",\"publisher\":{\"@id\":\"https:\\\/\\\/molmasa.es\\\/#organization\"},\"potentialAction\":[{\"@type\":\"SearchAction\",\"target\":{\"@type\":\"EntryPoint\",\"urlTemplate\":\"https:\\\/\\\/molmasa.es\\\/?s={search_term_string}\"},\"query-input\":{\"@type\":\"PropertyValueSpecification\",\"valueRequired\":true,\"valueName\":\"search_term_string\"}}],\"inLanguage\":\"es\"},{\"@type\":\"Organization\",\"@id\":\"https:\\\/\\\/molmasa.es\\\/#organization\",\"name\":\"Molmasa\",\"url\":\"https:\\\/\\\/molmasa.es\\\/\",\"logo\":{\"@type\":\"ImageObject\",\"inLanguage\":\"es\",\"@id\":\"https:\\\/\\\/molmasa.es\\\/#\\\/schema\\\/logo\\\/image\\\/\",\"url\":\"https:\\\/\\\/molmasa.es\\\/wp-content\\\/uploads\\\/2021\\\/09\\\/logo_molmasa_2.png\",\"contentUrl\":\"https:\\\/\\\/molmasa.es\\\/wp-content\\\/uploads\\\/2021\\\/09\\\/logo_molmasa_2.png\",\"width\":229,\"height\":89,\"caption\":\"Molmasa\"},\"image\":{\"@id\":\"https:\\\/\\\/molmasa.es\\\/#\\\/schema\\\/logo\\\/image\\\/\"}}]}<\/script>\n<!-- \/ Yoast SEO plugin. -->","yoast_head_json":{"title":"Ingenieria de concepto - Molmasa","robots":{"index":"index","follow":"follow","max-snippet":"max-snippet:-1","max-image-preview":"max-image-preview:large","max-video-preview":"max-video-preview:-1"},"canonical":"https:\/\/molmasa.es\/?page_id=2723","og_locale":"es_ES","og_type":"article","og_title":"Ingenieria de concepto - Molmasa","og_description":"[vc_row full_width=&#8221;stretch_row&#8221; content_placement=&#8221;middle&#8221; parallax=&#8221;content-moving&#8221; parallax_image=&#8221;3078&#8243; css=&#8221;.vc_custom_1630499628444{padding-top: 100px !important;padding-bottom: 100px !important;}&#8221;][vc_column][\/vc_column][\/vc_row][vc_row][vc_column][\/vc_column][\/vc_row][vc_row][vc_column width=&#8221;1\/2&#8243;][vc_separator css=&#8221;.vc_custom_1630421111704{margin-top: 30px !important;margin-bottom: 30px !important;}&#8221;][vc_column_text]En molmasa identificamos y aseguramos la viabilidad tanto t\u00e9cnica como econ\u00f3mica del proyecto fijando un mapa de ruta de proyecto que marca la pauta para&hellip;","og_url":"https:\/\/molmasa.es\/?page_id=2723","og_site_name":"Molmasa","article_modified_time":"2025-07-28T18:16:29+00:00","twitter_card":"summary_large_image","twitter_misc":{"Tiempo de lectura":"2 minutos"},"schema":{"@context":"https:\/\/schema.org","@graph":[{"@type":"WebPage","@id":"https:\/\/molmasa.es\/?page_id=2723","url":"https:\/\/molmasa.es\/?page_id=2723","name":"Ingenieria de concepto - Molmasa","isPartOf":{"@id":"https:\/\/molmasa.es\/#website"},"datePublished":"2021-06-03T14:41:43+00:00","dateModified":"2025-07-28T18:16:29+00:00","breadcrumb":{"@id":"https:\/\/molmasa.es\/?page_id=2723#breadcrumb"},"inLanguage":"es","potentialAction":[{"@type":"ReadAction","target":["https:\/\/molmasa.es\/?page_id=2723"]}]},{"@type":"BreadcrumbList","@id":"https:\/\/molmasa.es\/?page_id=2723#breadcrumb","itemListElement":[{"@type":"ListItem","position":1,"name":"Portada","item":"https:\/\/molmasa.es\/?lang=en"},{"@type":"ListItem","position":2,"name":"Ingenieria de concepto"}]},{"@type":"WebSite","@id":"https:\/\/molmasa.es\/#website","url":"https:\/\/molmasa.es\/","name":"Molmasa","description":"","publisher":{"@id":"https:\/\/molmasa.es\/#organization"},"potentialAction":[{"@type":"SearchAction","target":{"@type":"EntryPoint","urlTemplate":"https:\/\/molmasa.es\/?s={search_term_string}"},"query-input":{"@type":"PropertyValueSpecification","valueRequired":true,"valueName":"search_term_string"}}],"inLanguage":"es"},{"@type":"Organization","@id":"https:\/\/molmasa.es\/#organization","name":"Molmasa","url":"https:\/\/molmasa.es\/","logo":{"@type":"ImageObject","inLanguage":"es","@id":"https:\/\/molmasa.es\/#\/schema\/logo\/image\/","url":"https:\/\/molmasa.es\/wp-content\/uploads\/2021\/09\/logo_molmasa_2.png","contentUrl":"https:\/\/molmasa.es\/wp-content\/uploads\/2021\/09\/logo_molmasa_2.png","width":229,"height":89,"caption":"Molmasa"},"image":{"@id":"https:\/\/molmasa.es\/#\/schema\/logo\/image\/"}}]}},"lang":"es","translations":{"es":2723,"en":3382},"pll_sync_post":[],"_links":{"self":[{"href":"https:\/\/molmasa.es\/index.php?rest_route=\/wp\/v2\/pages\/2723","targetHints":{"allow":["GET"]}}],"collection":[{"href":"https:\/\/molmasa.es\/index.php?rest_route=\/wp\/v2\/pages"}],"about":[{"href":"https:\/\/molmasa.es\/index.php?rest_route=\/wp\/v2\/types\/page"}],"author":[{"embeddable":true,"href":"https:\/\/molmasa.es\/index.php?rest_route=\/wp\/v2\/users\/1"}],"replies":[{"embeddable":true,"href":"https:\/\/molmasa.es\/index.php?rest_route=%2Fwp%2Fv2%2Fcomments&post=2723"}],"version-history":[{"count":27,"href":"https:\/\/molmasa.es\/index.php?rest_route=\/wp\/v2\/pages\/2723\/revisions"}],"predecessor-version":[{"id":6512,"href":"https:\/\/molmasa.es\/index.php?rest_route=\/wp\/v2\/pages\/2723\/revisions\/6512"}],"wp:attachment":[{"href":"https:\/\/molmasa.es\/index.php?rest_route=%2Fwp%2Fv2%2Fmedia&parent=2723"}],"curies":[{"name":"wp","href":"https:\/\/api.w.org\/{rel}","templated":true}]}}