{"id":2710,"date":"2021-06-03T14:40:54","date_gmt":"2021-06-03T14:40:54","guid":{"rendered":"https:\/\/molmasa.es\/?page_id=2710"},"modified":"2025-07-28T18:22:33","modified_gmt":"2025-07-28T18:22:33","slug":"produccion","status":"publish","type":"page","link":"https:\/\/molmasa.es\/?page_id=2710","title":{"rendered":"Producci\u00f3n"},"content":{"rendered":"[vc_row full_width=&#8221;stretch_row&#8221; content_placement=&#8221;middle&#8221; parallax=&#8221;content-moving&#8221; parallax_image=&#8221;3060&#8243; css=&#8221;.vc_custom_1630499041517{padding-top: 100px !important;padding-bottom: 100px !important;}&#8221;][vc_column]<h1 class=\"vcex-heading vcex-module wpex-text-2xl wpex-font-normal wpex-m-auto wpex-max-w-100 vcex-heading-plain wpex-block wpex-text-center  wpb_animate_when_almost_visible wpb_fadeIn fadeIn\" style=\"color:#ffffff;font-size:3em;text-transform:uppercase;\"><span class=\"vcex-heading-inner wpex-inline-block wpex-clr\">EMPRESA<\/span><\/h1>[\/vc_column][\/vc_row][vc_row][vc_column]<div class=\"vcex-spacing wpex-w-100 wpex-clear\" style=\"height:30px\"><\/div>[\/vc_column][\/vc_row][vc_row][vc_column width=&#8221;1\/2&#8243;][vc_single_image image=&#8221;3240&#8243; css_animation=&#8221;fadeIn&#8221;][\/vc_column][vc_column width=&#8221;1\/2&#8243;]<h3 class=\"vcex-heading vcex-module wpex-text-2xl wpex-font-normal wpex-m-auto wpex-max-w-100 vcex-heading-plain wpex-block\" style=\"text-transform:uppercase;\"><span class=\"vcex-heading-inner wpex-inline-block wpex-clr\">Producci\u00f3n<\/span><\/h3>[vc_separator css=&#8221;.vc_custom_1630420516808{margin-top: 30px !important;margin-bottom: 30px !important;}&#8221;][vc_column_text]<span style=\"font-weight: 400;\">En molmasa disponemos de departamento de dise\u00f1o y gesti\u00f3n de proyectos, y de taller equipado con los medios espec\u00edficos para su construcci\u00f3n dentro de un m\u00e1ximo nivel de calidad basado en el autocontrol.<\/span><\/p>\n<p><span style=\"font-weight: 400;\">Con unas instalaciones de 2.200 m2 y un <strong>parque de maquinaria de \u00faltima tecnolog\u00eda<\/strong> coordinada bajo un proceso automatizado de mecanizaci\u00f3n y control, en molmasa realizamos <strong>proyectos de alta precisi\u00f3n en plazos competitivos.<\/strong><\/span>[\/vc_column_text][\/vc_column][\/vc_row][vc_row][vc_column width=&#8221;1\/2&#8243;][vc_column_text]<span style=\"font-weight: 400;\">Nos adaptamos a la configuraci\u00f3n de los grupos de plastificaci\u00f3n de su inyectora y fabricamos un <strong>molde robusto, cinem\u00e1ticamente seguro y con absoluta fiabilidad<\/strong> en las medidas de la pieza.\u00a0<\/span><\/p>\n<p><span style=\"font-weight: 400;\">Gracias a la extrema precisi\u00f3n aplicada en las medidas de la pieza moldeada, logramos un m\u00ednimo n\u00famero de aver\u00edas y alargar la vida \u00fatil del molde.<\/span><\/p>\n<p><span style=\"font-weight: 400;\">Por Compromiso de Calidad Molmasa, durante todas las fases del proyecto, usted contar\u00e1 con todo nuestro <strong>apoyo para el mantenimiento del molde y modificaciones de la pieza.<\/strong><\/span>[\/vc_column_text][\/vc_column][vc_column width=&#8221;1\/2&#8243;][vc_single_image image=&#8221;3241&#8243; css_animation=&#8221;fadeIn&#8221;][\/vc_column][\/vc_row][vc_row full_width=&#8221;stretch_row_content_no_spaces&#8221;][vc_column]<div class=\"vcex-spacing wpex-w-100 wpex-clear\" style=\"height:40px\"><\/div>[vc_separator][\/vc_column][\/vc_row][vc_row][vc_column]<div class=\"vcex-spacing wpex-w-100 wpex-clear\" style=\"height:40px\"><\/div><h2 class=\"vcex-heading vcex-module wpex-text-2xl wpex-font-normal wpex-m-auto wpex-max-w-100 vcex-heading-plain wpex-block wpex-text-center\" style=\"font-weight:700;\"><span class=\"vcex-heading-inner wpex-inline-block wpex-clr\">Servicios relacionados<\/span><\/h2>[\/vc_column][\/vc_row][vc_row][vc_column width=&#8221;1\/3&#8243;]<div class=\"wpb_animate_when_almost_visible wpb_fadeIn fadeIn\"><div class=\"vcex-width--icon_box wpex-max-w-100 wpex-m-auto\" style=\"width:80%;\"><div class=\"vcex-module vcex-icon-box vcex-icon-box-two wpex-relative wpex-text-center hvr hvr-grow\"><div class=\"vcex-icon-box-symbol wpex-mb-20\"><a href=\"https:\/\/molmasa.es\/?page_id=2710\" class=\"wpex-no-underline\"><img decoding=\"async\" loading=\"lazy\" class=\"vcex-icon-box-image wpex-align-middle\" src=\"https:\/\/molmasa.es\/wp-content\/uploads\/2021\/07\/RB_9494w.jpg\" alt=\"\" width=\"2000\" height=\"1333\" \/><\/a><\/div><div class=\"vcex-icon-box-text\"><a href=\"https:\/\/molmasa.es\/?page_id=2710\" class=\"vcex-icon-box-link wpex-no-underline\"><h2 class=\"vcex-icon-box-heading wpex-heading wpex-text-md wpex-mb-10\" style=\"color:#026cb5;font-size:18px;\">Ingenieria<\/h2><\/a><div class=\"vcex-icon-box-content wpex-last-mb-0 wpex-clr\"><p><span style=\"font-weight: 400\">En molmasa trabajamos para desarrollar soluciones espec\u00edficas, robustas y altamente competitivas para la fabricaci\u00f3n de <strong>moldes para la producci\u00f3n de tapones y piezas t\u00e9cnicas para las industrias<\/strong>.<\/span><\/p>\n<\/div><\/div><\/div><\/div><\/div>[\/vc_column][vc_column width=&#8221;1\/3&#8243;]<div class=\"wpb_animate_when_almost_visible wpb_fadeIn fadeIn\"><div class=\"vcex-width--icon_box wpex-max-w-100 wpex-m-auto\" style=\"width:80%;\"><div class=\"vcex-module vcex-icon-box vcex-icon-box-two wpex-relative wpex-text-center hvr hvr-grow\"><div class=\"vcex-icon-box-symbol wpex-mb-20\"><a href=\"https:\/\/molmasa.es\/?page_id=2712\" class=\"wpex-no-underline\"><img decoding=\"async\" loading=\"lazy\" class=\"vcex-icon-box-image wpex-align-middle\" src=\"https:\/\/molmasa.es\/wp-content\/uploads\/2021\/09\/23C.jpg\" alt=\"\" width=\"1500\" height=\"1000\" \/><\/a><\/div><div class=\"vcex-icon-box-text\"><a href=\"https:\/\/molmasa.es\/?page_id=2712\" class=\"vcex-icon-box-link wpex-no-underline\"><h2 class=\"vcex-icon-box-heading wpex-heading wpex-text-md wpex-mb-10\" style=\"color:#026cb5;font-size:18px;\">Verificaci\u00f3n (DEA)<\/h2><\/a><div class=\"vcex-icon-box-content wpex-last-mb-0 wpex-clr\"><p><span style=\"font-weight: 400\">La calidad de nuestros moldes se basa en la especializaci\u00f3n en aplicaciones concretas y en un <strong>gran equipo de profesionales cualificados<\/strong> en las \u00e1reas de I+D, ingenier\u00eda y producci\u00f3n.<\/span><\/p>\n<\/div><\/div><\/div><\/div><\/div>[\/vc_column][vc_column width=&#8221;1\/3&#8243;]<div class=\"wpb_animate_when_almost_visible wpb_fadeIn fadeIn\"><div class=\"vcex-width--icon_box wpex-max-w-100 wpex-m-auto\" style=\"width:80%;\"><div class=\"vcex-module vcex-icon-box vcex-icon-box-two wpex-relative wpex-text-center hvr hvr-grow\"><div class=\"vcex-icon-box-symbol wpex-mb-20\"><a href=\"https:\/\/molmasa.es\/?page_id=2714\" class=\"wpex-no-underline\"><img decoding=\"async\" loading=\"lazy\" class=\"vcex-icon-box-image wpex-align-middle\" src=\"https:\/\/molmasa.es\/wp-content\/uploads\/2021\/09\/24A.jpg\" alt=\"\" width=\"1500\" height=\"1000\" \/><\/a><\/div><div class=\"vcex-icon-box-text\"><a href=\"https:\/\/molmasa.es\/?page_id=2714\" class=\"vcex-icon-box-link wpex-no-underline\"><h2 class=\"vcex-icon-box-heading wpex-heading wpex-text-md wpex-mb-10\" style=\"color:#026cb5;font-size:18px;\">Centro de pruebas<\/h2><\/a><div class=\"vcex-icon-box-content wpex-last-mb-0 wpex-clr\"><p><span style=\"font-weight: 400\">Las pruebas de inyecci\u00f3n son dirigidas por nuestros t\u00e9cnicos en el Laboratorio de Ensayos de Eurecat para someternos a <strong>test de calidad externos e independientes de m\u00e1xima exigencia<\/strong> y est\u00e1ndar internacional.<\/span><\/p>\n<\/div><\/div><\/div><\/div><\/div>[\/vc_column][\/vc_row]\n","protected":false},"excerpt":{"rendered":"<p>[vc_row full_width=&#8221;stretch_row&#8221; content_placement=&#8221;middle&#8221; parallax=&#8221;content-moving&#8221; parallax_image=&#8221;3060&#8243; css=&#8221;.vc_custom_1630499041517{padding-top: 100px !important;padding-bottom: 100px !important;}&#8221;][vc_column][\/vc_column][\/vc_row][vc_row][vc_column][\/vc_column][\/vc_row][vc_row][vc_column width=&#8221;1\/2&#8243;][vc_single_image image=&#8221;3240&#8243; css_animation=&#8221;fadeIn&#8221;][\/vc_column][vc_column width=&#8221;1\/2&#8243;][vc_separator css=&#8221;.vc_custom_1630420516808{margin-top: 30px !important;margin-bottom: 30px !important;}&#8221;][vc_column_text]En molmasa disponemos de departamento de dise\u00f1o y gesti\u00f3n de proyectos, y de taller equipado con los medios espec\u00edficos para su construcci\u00f3n&hellip;<\/p>\n","protected":false},"author":1,"featured_media":0,"parent":0,"menu_order":0,"comment_status":"closed","ping_status":"closed","template":"templates\/no-sidebar.php","meta":{"footnotes":""},"class_list":["post-2710","page","type-page","status-publish","hentry","entry","no-media"],"yoast_head":"<!-- This site is optimized with the Yoast SEO plugin v27.4 - https:\/\/yoast.com\/product\/yoast-seo-wordpress\/ -->\n<title>Producci\u00f3n - Molmasa<\/title>\n<meta name=\"description\" content=\"Soluciones robustas y altamente competitivas para la producci\u00f3n de moldes para tapones y piezas t\u00e9cnicas industriales.\" \/>\n<meta name=\"robots\" content=\"index, follow, max-snippet:-1, max-image-preview:large, max-video-preview:-1\" \/>\n<link rel=\"canonical\" href=\"https:\/\/molmasa.es\/?page_id=2710\" \/>\n<meta property=\"og:locale\" content=\"es_ES\" \/>\n<meta property=\"og:type\" content=\"article\" \/>\n<meta property=\"og:title\" content=\"Producci\u00f3n - Molmasa\" \/>\n<meta property=\"og:description\" content=\"Soluciones robustas y altamente competitivas para la producci\u00f3n de moldes para tapones y piezas t\u00e9cnicas industriales.\" \/>\n<meta property=\"og:url\" content=\"https:\/\/molmasa.es\/?page_id=2710\" \/>\n<meta property=\"og:site_name\" content=\"Molmasa\" \/>\n<meta property=\"article:modified_time\" content=\"2025-07-28T18:22:33+00:00\" \/>\n<meta name=\"twitter:card\" content=\"summary_large_image\" \/>\n<meta name=\"twitter:label1\" content=\"Tiempo de lectura\" \/>\n\t<meta name=\"twitter:data1\" content=\"3 minutos\" \/>\n<script type=\"application\/ld+json\" class=\"yoast-schema-graph\">{\"@context\":\"https:\\\/\\\/schema.org\",\"@graph\":[{\"@type\":\"WebPage\",\"@id\":\"https:\\\/\\\/molmasa.es\\\/?page_id=2710\",\"url\":\"https:\\\/\\\/molmasa.es\\\/?page_id=2710\",\"name\":\"Producci\u00f3n - Molmasa\",\"isPartOf\":{\"@id\":\"https:\\\/\\\/molmasa.es\\\/#website\"},\"datePublished\":\"2021-06-03T14:40:54+00:00\",\"dateModified\":\"2025-07-28T18:22:33+00:00\",\"description\":\"Soluciones robustas y altamente competitivas para la producci\u00f3n de moldes para tapones y piezas t\u00e9cnicas industriales.\",\"breadcrumb\":{\"@id\":\"https:\\\/\\\/molmasa.es\\\/?page_id=2710#breadcrumb\"},\"inLanguage\":\"es\",\"potentialAction\":[{\"@type\":\"ReadAction\",\"target\":[\"https:\\\/\\\/molmasa.es\\\/?page_id=2710\"]}]},{\"@type\":\"BreadcrumbList\",\"@id\":\"https:\\\/\\\/molmasa.es\\\/?page_id=2710#breadcrumb\",\"itemListElement\":[{\"@type\":\"ListItem\",\"position\":1,\"name\":\"Portada\",\"item\":\"https:\\\/\\\/molmasa.es\\\/?lang=en\"},{\"@type\":\"ListItem\",\"position\":2,\"name\":\"Producci\u00f3n\"}]},{\"@type\":\"WebSite\",\"@id\":\"https:\\\/\\\/molmasa.es\\\/#website\",\"url\":\"https:\\\/\\\/molmasa.es\\\/\",\"name\":\"Molmasa\",\"description\":\"\",\"publisher\":{\"@id\":\"https:\\\/\\\/molmasa.es\\\/#organization\"},\"potentialAction\":[{\"@type\":\"SearchAction\",\"target\":{\"@type\":\"EntryPoint\",\"urlTemplate\":\"https:\\\/\\\/molmasa.es\\\/?s={search_term_string}\"},\"query-input\":{\"@type\":\"PropertyValueSpecification\",\"valueRequired\":true,\"valueName\":\"search_term_string\"}}],\"inLanguage\":\"es\"},{\"@type\":\"Organization\",\"@id\":\"https:\\\/\\\/molmasa.es\\\/#organization\",\"name\":\"Molmasa\",\"url\":\"https:\\\/\\\/molmasa.es\\\/\",\"logo\":{\"@type\":\"ImageObject\",\"inLanguage\":\"es\",\"@id\":\"https:\\\/\\\/molmasa.es\\\/#\\\/schema\\\/logo\\\/image\\\/\",\"url\":\"https:\\\/\\\/molmasa.es\\\/wp-content\\\/uploads\\\/2021\\\/09\\\/logo_molmasa_2.png\",\"contentUrl\":\"https:\\\/\\\/molmasa.es\\\/wp-content\\\/uploads\\\/2021\\\/09\\\/logo_molmasa_2.png\",\"width\":229,\"height\":89,\"caption\":\"Molmasa\"},\"image\":{\"@id\":\"https:\\\/\\\/molmasa.es\\\/#\\\/schema\\\/logo\\\/image\\\/\"}}]}<\/script>\n<!-- \/ Yoast SEO plugin. -->","yoast_head_json":{"title":"Producci\u00f3n - Molmasa","description":"Soluciones robustas y altamente competitivas para la producci\u00f3n de moldes para tapones y piezas t\u00e9cnicas industriales.","robots":{"index":"index","follow":"follow","max-snippet":"max-snippet:-1","max-image-preview":"max-image-preview:large","max-video-preview":"max-video-preview:-1"},"canonical":"https:\/\/molmasa.es\/?page_id=2710","og_locale":"es_ES","og_type":"article","og_title":"Producci\u00f3n - Molmasa","og_description":"Soluciones robustas y altamente competitivas para la producci\u00f3n de moldes para tapones y piezas t\u00e9cnicas industriales.","og_url":"https:\/\/molmasa.es\/?page_id=2710","og_site_name":"Molmasa","article_modified_time":"2025-07-28T18:22:33+00:00","twitter_card":"summary_large_image","twitter_misc":{"Tiempo de lectura":"3 minutos"},"schema":{"@context":"https:\/\/schema.org","@graph":[{"@type":"WebPage","@id":"https:\/\/molmasa.es\/?page_id=2710","url":"https:\/\/molmasa.es\/?page_id=2710","name":"Producci\u00f3n - Molmasa","isPartOf":{"@id":"https:\/\/molmasa.es\/#website"},"datePublished":"2021-06-03T14:40:54+00:00","dateModified":"2025-07-28T18:22:33+00:00","description":"Soluciones robustas y altamente competitivas para la producci\u00f3n de moldes para tapones y piezas t\u00e9cnicas industriales.","breadcrumb":{"@id":"https:\/\/molmasa.es\/?page_id=2710#breadcrumb"},"inLanguage":"es","potentialAction":[{"@type":"ReadAction","target":["https:\/\/molmasa.es\/?page_id=2710"]}]},{"@type":"BreadcrumbList","@id":"https:\/\/molmasa.es\/?page_id=2710#breadcrumb","itemListElement":[{"@type":"ListItem","position":1,"name":"Portada","item":"https:\/\/molmasa.es\/?lang=en"},{"@type":"ListItem","position":2,"name":"Producci\u00f3n"}]},{"@type":"WebSite","@id":"https:\/\/molmasa.es\/#website","url":"https:\/\/molmasa.es\/","name":"Molmasa","description":"","publisher":{"@id":"https:\/\/molmasa.es\/#organization"},"potentialAction":[{"@type":"SearchAction","target":{"@type":"EntryPoint","urlTemplate":"https:\/\/molmasa.es\/?s={search_term_string}"},"query-input":{"@type":"PropertyValueSpecification","valueRequired":true,"valueName":"search_term_string"}}],"inLanguage":"es"},{"@type":"Organization","@id":"https:\/\/molmasa.es\/#organization","name":"Molmasa","url":"https:\/\/molmasa.es\/","logo":{"@type":"ImageObject","inLanguage":"es","@id":"https:\/\/molmasa.es\/#\/schema\/logo\/image\/","url":"https:\/\/molmasa.es\/wp-content\/uploads\/2021\/09\/logo_molmasa_2.png","contentUrl":"https:\/\/molmasa.es\/wp-content\/uploads\/2021\/09\/logo_molmasa_2.png","width":229,"height":89,"caption":"Molmasa"},"image":{"@id":"https:\/\/molmasa.es\/#\/schema\/logo\/image\/"}}]}},"lang":"es","translations":{"es":2710,"en":3389},"pll_sync_post":[],"_links":{"self":[{"href":"https:\/\/molmasa.es\/index.php?rest_route=\/wp\/v2\/pages\/2710","targetHints":{"allow":["GET"]}}],"collection":[{"href":"https:\/\/molmasa.es\/index.php?rest_route=\/wp\/v2\/pages"}],"about":[{"href":"https:\/\/molmasa.es\/index.php?rest_route=\/wp\/v2\/types\/page"}],"author":[{"embeddable":true,"href":"https:\/\/molmasa.es\/index.php?rest_route=\/wp\/v2\/users\/1"}],"replies":[{"embeddable":true,"href":"https:\/\/molmasa.es\/index.php?rest_route=%2Fwp%2Fv2%2Fcomments&post=2710"}],"version-history":[{"count":26,"href":"https:\/\/molmasa.es\/index.php?rest_route=\/wp\/v2\/pages\/2710\/revisions"}],"predecessor-version":[{"id":6516,"href":"https:\/\/molmasa.es\/index.php?rest_route=\/wp\/v2\/pages\/2710\/revisions\/6516"}],"wp:attachment":[{"href":"https:\/\/molmasa.es\/index.php?rest_route=%2Fwp%2Fv2%2Fmedia&parent=2710"}],"curies":[{"name":"wp","href":"https:\/\/api.w.org\/{rel}","templated":true}]}}